{"id":797,"date":"2018-07-02T20:25:15","date_gmt":"2018-07-02T23:25:15","guid":{"rendered":"https:\/\/ensviale-ers.infd.edu.ar\/sitio\/docentes\/"},"modified":"2019-05-22T19:10:58","modified_gmt":"2019-05-22T22:10:58","slug":"docentes","status":"publish","type":"page","link":"https:\/\/ensviale-ers.infd.edu.ar\/sitio\/docentes\/","title":{"rendered":"Docentes"},"content":{"rendered":"<p>&nbsp;<\/p>\n<div>\n<table width=\"772\">\n<tbody>\n<tr>\n<td style=\"text-align: center;\" colspan=\"2\" width=\"772\"><span style=\"color: #0000ff;\">PROFESORADO DE EDUCACI\u00d3N PRIMARIA<\/span><\/td>\n<\/tr>\n<tr>\n<td style=\"text-align: center;\" colspan=\"2\">PRIMER A\u00d1O<\/td>\n<\/tr>\n<tr>\n<td>C\u00c1TEDRA<\/td>\n<td>PROFESOR\/ES<\/td>\n<\/tr>\n<tr>\n<td>CIENCIAS NATURALES Y SU DID\u00c1CTICA I<\/td>\n<td>RODRIGUEZ Esteban<\/td>\n<\/tr>\n<tr>\n<td>CIENCIAS SOCIALES Y SU DIDACTICA I<\/td>\n<td>GOMIERO Ver\u00f3nica<\/td>\n<\/tr>\n<tr>\n<td>CORPOREIDAD, JUEGO Y LENGUAJES ART\u00cdSTICOS<\/td>\n<td>AUBERT Gabriela<\/td>\n<\/tr>\n<tr>\n<td><\/td>\n<td>MAYOR Nicol\u00e1s<\/td>\n<\/tr>\n<tr>\n<td><\/td>\n<td>ZAPATA Mat\u00edas<\/td>\n<\/tr>\n<tr>\n<td>DID\u00c1CTICA GENERAL<\/td>\n<td>PASGAL Carolina<\/td>\n<\/tr>\n<tr>\n<td>LENGUA, LITERATURA, ESCRITURA Y TIC<\/td>\n<td>ESPINOSA Andrea<\/td>\n<\/tr>\n<tr>\n<td>MATEM\u00c1TICA Y SU DID\u00c1CTICA I<\/td>\n<td>FRANCHESI Luciano<\/td>\n<\/tr>\n<tr>\n<td>ORALIDAD LECTURA, ESCRITURA Y TIC<\/td>\n<td>RODRIGUEZ Mara<\/td>\n<\/tr>\n<tr>\n<td><\/td>\n<td>GOMEZ Gladis<\/td>\n<\/tr>\n<tr>\n<td>PEDAGOGIA<\/td>\n<td><\/td>\n<\/tr>\n<tr>\n<td>PRACTICA DOCENTE I<\/td>\n<td>ARANGUIS M\u00f3nica<\/td>\n<\/tr>\n<tr>\n<td><\/td>\n<td>PASGAL Carolina<\/td>\n<\/tr>\n<tr>\n<td><\/td>\n<td><\/td>\n<\/tr>\n<tr>\n<td style=\"text-align: center;\" colspan=\"2\">SEGUNDO A\u00d1O<\/td>\n<\/tr>\n<tr>\n<td>C\u00c1TEDRA<\/td>\n<td>PROFESOR\/ES<\/td>\n<\/tr>\n<tr>\n<td>CIENCIAS NATURALES Y SU DID\u00c1CTICA II<\/td>\n<td>CRISPENS Nilda<\/td>\n<\/tr>\n<tr>\n<td>CIENCIAS SOCIALES Y SU DID\u00c1CTICA II<\/td>\n<td>GOMIERO Ver\u00f3nica<\/td>\n<\/tr>\n<tr>\n<td>EDUCACI\u00d3N F\u00cdSICA Y SU DID\u00c1CTICA<\/td>\n<td>ZAPATA Mat\u00edas<\/td>\n<\/tr>\n<tr>\n<td>FILOSOF\u00cdA<\/td>\n<td>ESPINDOLA Juan Carlos<\/td>\n<\/tr>\n<tr>\n<td>HISTORIA SOCIAL POL\u00cdTICA ARGENTINA Y LATINOAMERICANA<\/td>\n<td>BORGETTO Marisa<\/td>\n<\/tr>\n<tr>\n<td>LENGUA, LITERATURA Y SU DID\u00c1CTICA II<\/td>\n<td>FRANCHESSI Luciano<\/td>\n<\/tr>\n<tr>\n<td>PR\u00c1CTICA DOCENTE II<\/td>\n<td>PASGAL Carolina<\/td>\n<\/tr>\n<tr>\n<td><\/td>\n<td>STUGELMAYER Rosa<\/td>\n<\/tr>\n<tr>\n<td>PSICOLOG\u00cdA EDUCACIONAL<\/td>\n<td>ESPINDOLA Juan Carlos<\/td>\n<\/tr>\n<tr>\n<td>SUJETO DE LA EDUCACI\u00d3N PRIMARIA<\/td>\n<td>RUBEL Patricia<\/td>\n<\/tr>\n<tr>\n<td>UDI ED RURAL Y ADULTO<\/td>\n<td>VERGARA Lorena<\/td>\n<\/tr>\n<tr>\n<td><\/td>\n<td><\/td>\n<\/tr>\n<tr>\n<td><\/td>\n<td><\/td>\n<\/tr>\n<tr>\n<td style=\"text-align: center;\" colspan=\"2\">TERCER A\u00d1O<\/td>\n<\/tr>\n<tr>\n<td>C\u00c1TEDRA<\/td>\n<td>PROFESOR\/ES<\/td>\n<\/tr>\n<tr>\n<td>ALFABETIZACI\u00d3N EN LA EDUCACI\u00d3N PRIMARIA<\/td>\n<td>ESPINOSA Corina<\/td>\n<\/tr>\n<tr>\n<td>DERECHOS HUMANOS, \u00c9TICA Y CIUDADAN\u00cdA<\/td>\n<td>GOMIERO Ver\u00f3nica<\/td>\n<\/tr>\n<tr>\n<td>EDUCACI\u00d3N TECNOL\u00d3GICA Y SU DID\u00c1CTICA<\/td>\n<td>GOMEZ Gladis<\/td>\n<\/tr>\n<tr>\n<td>HISTORIA DE LA EDUCACI\u00d3N ARGENTINA<\/td>\n<td>PASGAL Carolina<\/td>\n<\/tr>\n<tr>\n<td>JUEGO Y PRODUCCI\u00d3N DE MATERIALES<\/td>\n<td>GIECO Luciana<\/td>\n<\/tr>\n<tr>\n<td>LENGUAJES ART\u00cdSTICOS I<\/td>\n<td>MAYOR Nicol\u00e1s<\/td>\n<\/tr>\n<tr>\n<td>LENGUAJES ART\u00cdSTICOS II<\/td>\n<td>AUBERT Gabriela<\/td>\n<\/tr>\n<tr>\n<td>MATEM\u00c1TICA Y SU DID\u00c1CTICA III<\/td>\n<td>FRANCHESSI Luciano<\/td>\n<\/tr>\n<tr>\n<td>PR\u00c1CTICA DOCENTE III<\/td>\n<td>BORGETTO Anabela<\/td>\n<\/tr>\n<tr>\n<td><\/td>\n<td>ACOSTA Juana<\/td>\n<\/tr>\n<tr>\n<td><\/td>\n<td>RODRIGUEZ Esteban<\/td>\n<\/tr>\n<tr>\n<td>SOCIOLOG\u00cdA DE LA EDUCACI\u00d3N<\/td>\n<td>PASGAL Carolina<\/td>\n<\/tr>\n<tr>\n<td>TIC Y EDUCACI\u00d3N PRIMARIA<\/td>\n<td>GOMEZ Gladis<\/td>\n<\/tr>\n<tr>\n<td>UDI: ALUMNOS INTEGRADOS<\/td>\n<td>HAUTEVILLE Mar\u00eda Bel\u00e9n<\/td>\n<\/tr>\n<tr>\n<td><\/td>\n<td><\/td>\n<\/tr>\n<tr>\n<td><\/td>\n<td><\/td>\n<\/tr>\n<tr>\n<td style=\"text-align: center;\" colspan=\"2\">CUARTO A\u00d1O<\/td>\n<\/tr>\n<tr>\n<td>C\u00c1TEDRA<\/td>\n<td>PROFESOR\/ES<\/td>\n<\/tr>\n<tr>\n<td>AN\u00c1LISIS Y ORGANIZACI\u00d3N DE LAS INST EDUCATIVAS<\/td>\n<td>PASGAL Carolina<\/td>\n<\/tr>\n<tr>\n<td>ESI<\/td>\n<td>BRUNO Leonor<\/td>\n<\/tr>\n<tr>\n<td>PR\u00c1CTICA DOCENTE IV<\/td>\n<td>BORGETTO Anabella<\/td>\n<\/tr>\n<tr>\n<td><\/td>\n<td>ESPINOSA Corina<\/td>\n<\/tr>\n<tr>\n<td><\/td>\n<td>ACOSTA Johanna<\/td>\n<\/tr>\n<tr>\n<td><\/td>\n<td>RODRIGUEZ Esteban<\/td>\n<\/tr>\n<tr>\n<td><\/td>\n<td><\/td>\n<\/tr>\n<tr>\n<td>PROBLEM\u00c1TICAS CONTEMPORANEAS EN LA ED PRIMARIA<\/td>\n<td>RUBEL Patricia<\/td>\n<\/tr>\n<tr>\n<td><\/td>\n<td>ESTULGEMAYER Rosa<\/td>\n<\/tr>\n<tr>\n<td>TALLER INTERDISCIPLINARIO PORBL TRANSVERSALES<\/td>\n<td>ESPINOSA Corina<\/td>\n<\/tr>\n<tr>\n<td><\/td>\n<td>BORGETTO Marisa<\/td>\n<\/tr>\n<tr>\n<td><\/td>\n<td><\/td>\n<\/tr>\n<tr>\n<td>UDI LEGISLACI\u00d3N ESCOLAR<\/td>\n<td>HERTT Nancy<\/td>\n<\/tr>\n<tr>\n<td>UDI CUIDADO DE LA SALUD<\/td>\n<td><\/td>\n<\/tr>\n<tr>\n<td>UDI RESOLUCI\u00d3N PAC\u00cdFICA DE CONFLICTOS<\/td>\n<td>HECK Marisol<\/td>\n<\/tr>\n<\/tbody>\n<\/table>\n<\/div>\n<table width=\"772\">\n<tbody>\n<tr>\n<td style=\"text-align: center;\" colspan=\"2\" width=\"772\"><span style=\"color: #0000ff;\">PROFESORADO DE EDUCACI\u00d3N SECUNDARIA EN MATEMATICA<\/span><\/td>\n<\/tr>\n<tr>\n<td style=\"text-align: center;\" colspan=\"2\">PRIMER A\u00d1O<\/td>\n<\/tr>\n<tr>\n<td>C\u00c1TEDRA<\/td>\n<td>PROFESOR\/ES<\/td>\n<\/tr>\n<tr>\n<td>CORPOREIDAD, JUEGO Y LENGUAJES ART\u00cdSTICOS<\/td>\n<td>MIRAGLIO Dar\u00edo<\/td>\n<\/tr>\n<tr>\n<td><\/td>\n<td>MAYOR Nicol\u00e1s<\/td>\n<\/tr>\n<tr>\n<td><\/td>\n<td><\/td>\n<\/tr>\n<tr>\n<td>DID\u00c1CTICA GENERAL<\/td>\n<td>ESPINDOLA Juan Carlos<\/td>\n<\/tr>\n<tr>\n<td>ELEMENTOS DE LA MATEM\u00c1TICA<\/td>\n<td>TOSSOLINI Bel\u00e9n<\/td>\n<\/tr>\n<tr>\n<td>ORAL, LECTURA, ESCRITURA Y TIC<\/td>\n<td>MILONE Noel<\/td>\n<\/tr>\n<tr>\n<td><\/td>\n<td>HERRERA Juan<\/td>\n<\/tr>\n<tr>\n<td>PRACTICA DOCENTE I<\/td>\n<td>NICKEL Lorena<\/td>\n<\/tr>\n<tr>\n<td><\/td>\n<td>VERGARA Lorena<\/td>\n<\/tr>\n<tr>\n<td>PROBLEM\u00c1TICA DE LA GEOMETR\u00cdA<\/td>\n<td>KERBS Lucrecia<\/td>\n<\/tr>\n<tr>\n<td>PROBLEM\u00c1TICA DEL AN\u00c1LISIS MATEM\u00c1TICO I<\/td>\n<td>LEIVA Rub\u00e9n<\/td>\n<\/tr>\n<tr>\n<td>RESOLUCI\u00d3N DE PROBLEMAS Y TICS<\/td>\n<td>NICKEL Lorena<\/td>\n<\/tr>\n<tr>\n<td>PEDAGOG\u00cdA<\/td>\n<td>ESPINDOLA Juan Carlos<\/td>\n<\/tr>\n<tr>\n<td><\/td>\n<td><\/td>\n<\/tr>\n<tr>\n<td style=\"text-align: center;\" colspan=\"2\">SEGUNDO A\u00d1O<\/td>\n<\/tr>\n<tr>\n<td>C\u00c1TEDRA<\/td>\n<td>PROFESOR\/ES<\/td>\n<\/tr>\n<tr>\n<td>DID\u00c1CTICA DE LA MATEM\u00c1TICA<\/td>\n<td><\/td>\n<\/tr>\n<tr>\n<td>EDUCACI\u00d3N SEXUAL INTEGRAL<\/td>\n<td>MIRAGLIO Claudia<\/td>\n<\/tr>\n<tr>\n<td>FILOSOF\u00cdA<\/td>\n<td>ESPINDOLA Juan Carlos<\/td>\n<\/tr>\n<tr>\n<td>HISTORIA SOCIAL POL\u00cdTICA ARG Y LATINOAMERICANA<\/td>\n<td>LASSAGA Danilo<\/td>\n<\/tr>\n<tr>\n<td>PRACTICA DOCENTE II<\/td>\n<td>URCHUEGUIA Susana<\/td>\n<\/tr>\n<tr>\n<td><\/td>\n<td>TOSSOLINI Bel\u00e9n<\/td>\n<\/tr>\n<tr>\n<td>PROBLEM\u00c1TICA DE LA PROBABILIDAD Y ESTAD\u00cdSTICA I<\/td>\n<td>SAAVEDRA Luciana<\/td>\n<\/tr>\n<tr>\n<td>PROBLEM\u00c1TICA DE LA GEOMETR\u00cdA II<\/td>\n<td><\/td>\n<\/tr>\n<tr>\n<td>PROBLEM\u00c1TICA DEL \u00c1LGEBRA<\/td>\n<td>KERBS Lucrecia<\/td>\n<\/tr>\n<tr>\n<td>PSICOLOG\u00cdA EDUCACIONAL<\/td>\n<td>BARRIOS Vanina<\/td>\n<\/tr>\n<tr>\n<td>SUJETO DE LA EDUCACI\u00d3N SECUNDARIA<\/td>\n<td>CORREA Germ\u00e1n<\/td>\n<\/tr>\n<tr>\n<td><\/td>\n<td><\/td>\n<\/tr>\n<tr>\n<td><\/td>\n<td><\/td>\n<\/tr>\n<tr>\n<td style=\"text-align: center;\" colspan=\"2\">TERCER A\u00d1O<\/td>\n<\/tr>\n<tr>\n<td>C\u00c1TEDRA<\/td>\n<td>PROFESOR\/ES<\/td>\n<\/tr>\n<tr>\n<td>AN\u00c1LISIS DE LAS ORGANIZACIONES Y LAS INT EDUCATIVAS<\/td>\n<td>VERGARA Lorena<\/td>\n<\/tr>\n<tr>\n<td>DID\u00c1CTICA DE LA MATEM\u00c1TICA<\/td>\n<td><\/td>\n<\/tr>\n<tr>\n<td>EPISTEMIOLOG\u00cdA DE LA MATEM\u00c1TICA<\/td>\n<td>HEREDIA Ariel<\/td>\n<\/tr>\n<tr>\n<td>HISTORIA DE LA EDUCACI\u00d3N ARGENTINA<\/td>\n<td>LASSAGA C\u00e9sar Danilo<\/td>\n<\/tr>\n<tr>\n<td>PR\u00c1CTICA DOCENTE III<\/td>\n<td><\/td>\n<\/tr>\n<tr>\n<td><\/td>\n<td>PEDRAZZOLI Romina<\/td>\n<\/tr>\n<tr>\n<td>PROBLEM\u00c1TICA DE LA GEOMETR\u00cdA III<\/td>\n<td>KERB Lucrecia<\/td>\n<\/tr>\n<tr>\n<td>PROBLEM\u00c1TICA DE L AN\u00c1LISIS MATEM\u00c1TICO<\/td>\n<td>LEIVA Bel\u00e9n<\/td>\n<\/tr>\n<tr>\n<td>PROBLEM\u00c1TICA DE LA PROB Y ESTAD\u00cdSTICA II<\/td>\n<td>PEDRAZZOLI Romina<\/td>\n<\/tr>\n<tr>\n<td>SOCIOLOG\u00cdA DE LA EDUCACI\u00d3N<\/td>\n<td>ESPINDOLA Juan Carlos<\/td>\n<\/tr>\n<tr>\n<td>UDI<\/td>\n<td>HERCK Marisol<\/td>\n<\/tr>\n<tr>\n<td><\/td>\n<td><\/td>\n<\/tr>\n<tr>\n<td><\/td>\n<td><\/td>\n<\/tr>\n<tr>\n<td style=\"text-align: center;\" colspan=\"2\">CUARTO A\u00d1O<\/td>\n<\/tr>\n<tr>\n<td>C\u00c1TEDRA<\/td>\n<td>PROFESOR\/ES<\/td>\n<\/tr>\n<tr>\n<td>DERECHOS HUMANOS, \u00c9TICA Y CIUDADAN\u00cdA<\/td>\n<td>AGUILAR Patricia<\/td>\n<\/tr>\n<tr>\n<td>MODELIZACI\u00d3N MATEM\u00c1TICA DE LAS CIENCIAS<\/td>\n<td>PEDRAZZOLI Romina<\/td>\n<\/tr>\n<tr>\n<td>PRACTICA DOCENTE IV<\/td>\n<td>ACOSTA Johanna<\/td>\n<\/tr>\n<tr>\n<td><\/td>\n<td>LEIVA Bel\u00e9n<\/td>\n<\/tr>\n<tr>\n<td>PROBLEM\u00c1TICA DE \u00d1A GEOMETR\u00cdA IV<\/td>\n<td>KERBS Lucrecia<\/td>\n<\/tr>\n<tr>\n<td>PROBLEM\u00c1TICA DEL \u00c1LGEBRA II<\/td>\n<td>PEDRAZZOLI Romina<\/td>\n<\/tr>\n<tr>\n<td>PROBLEM\u00c1TICA DEL AN\u00c1LISIS MATEM\u00c1TICO III<\/td>\n<td>LEIVA Bel\u00e9n<\/td>\n<\/tr>\n<tr>\n<td>UDI<\/td>\n<td>VILLAGRA Karen<\/td>\n<\/tr>\n<\/tbody>\n<\/table>\n<p>&nbsp;<\/p>\n<table width=\"772\">\n<tbody>\n<tr>\n<td style=\"text-align: center;\" colspan=\"2\" width=\"772\"><span style=\"color: #0000ff;\">PROFESORADO DE EDUCACI\u00d3N SECUNDARIA EN BIOLOG\u00cdA<\/span><\/td>\n<\/tr>\n<tr>\n<td style=\"text-align: center;\" colspan=\"2\">PRIMER A\u00d1O<\/td>\n<\/tr>\n<tr>\n<td>C\u00c1TEDRA<\/td>\n<td>PROFESOR\/ES<\/td>\n<\/tr>\n<tr>\n<td>BIOLOG\u00cdA GENERAL<\/td>\n<td>RODR\u00cdGUEZ Esteban<\/td>\n<\/tr>\n<tr>\n<td>CIENCIAS DE LA TIERRA<\/td>\n<td>GOMIERO Ver\u00f3nica<\/td>\n<\/tr>\n<tr>\n<td>COPRPOREIDAD, JUEGO Y LENGUAJES ART\u00cdSTICOS<\/td>\n<td>DI BENEDETTO Miguel<\/td>\n<\/tr>\n<tr>\n<td><\/td>\n<td>MAYOR Nicol\u00e1s<\/td>\n<\/tr>\n<tr>\n<td><\/td>\n<td>MIRAGLIO Dar\u00edo<\/td>\n<\/tr>\n<tr>\n<td>DIDACTICA GENERAL<\/td>\n<td>VERGARA Lorena<\/td>\n<\/tr>\n<tr>\n<td>F\u00cdSICA<\/td>\n<td>RIZZATO Juan<\/td>\n<\/tr>\n<tr>\n<td>MATEM\u00c1TICA<\/td>\n<td>LEIVA Bel\u00e9n<\/td>\n<\/tr>\n<tr>\n<td>ORALIDAD, LECTURA, ESCRITURA Y TIC<\/td>\n<td>CAPURRO Diego<\/td>\n<\/tr>\n<tr>\n<td><\/td>\n<td>RODR\u00cdGUEZ Mara<\/td>\n<\/tr>\n<tr>\n<td>PEDAGOG\u00cdA<\/td>\n<td>GIECO Luciana<\/td>\n<\/tr>\n<tr>\n<td>PRACTICA DOCENTE<\/td>\n<td>BORGETTO Celeste<\/td>\n<\/tr>\n<tr>\n<td><\/td>\n<td>ROMERO Paulina<\/td>\n<\/tr>\n<tr>\n<td>QU\u00cdMICA<\/td>\n<td>BAEZA Nadia<\/td>\n<\/tr>\n<tr>\n<td><\/td>\n<td><\/td>\n<\/tr>\n<tr>\n<td><\/td>\n<td><\/td>\n<\/tr>\n<tr>\n<td style=\"text-align: center;\" colspan=\"2\">SEGUNDO A\u00d1O<\/td>\n<\/tr>\n<tr>\n<td>BIOLOG\u00cdA CELULAR Y MOLECULAR<\/td>\n<td>PROFESOR\/ES<\/td>\n<\/tr>\n<tr>\n<td>BIOLOG\u00cdA HUMANA<\/td>\n<td>RODRIGUEZ Sebasti\u00e1n<\/td>\n<\/tr>\n<tr>\n<td>DID\u00c1CTICA DE LAS CIENCIAS NATURALES<\/td>\n<td>LEHNER Elizabeth<\/td>\n<\/tr>\n<tr>\n<td>ESI<\/td>\n<td>RODRIGUEZ Esteban<\/td>\n<\/tr>\n<tr>\n<td>FILOSOF\u00cdA<\/td>\n<td>MIRAGLIO Claudia<\/td>\n<\/tr>\n<tr>\n<td>HISTORIA SOCIAL, POL\u00cdTICA ARG Y LATINOAMERICANA<\/td>\n<td>ROMERO Paulina<\/td>\n<\/tr>\n<tr>\n<td>PR\u00c1CTICA DOCENTE II<\/td>\n<td>LASSAGA Danilo<\/td>\n<\/tr>\n<tr>\n<td><\/td>\n<td>Borgetto Celeste<\/td>\n<\/tr>\n<tr>\n<td>REINOS UNICELULARES<\/td>\n<td>URCHUEGUIA Susana<\/td>\n<\/tr>\n<tr>\n<td><\/td>\n<td><\/td>\n<\/tr>\n<tr>\n<td><\/td>\n<td><\/td>\n<\/tr>\n<tr>\n<td style=\"text-align: center;\" colspan=\"2\">TERCER A\u00d1O<\/td>\n<\/tr>\n<tr>\n<td>C\u00c1TEDRA<\/td>\n<td>PROFESOR\/ES<\/td>\n<\/tr>\n<tr>\n<td>AN\u00c1LISIS DE LAS INST EDUCATIVAS<\/td>\n<td>ESPINDOLA Juan Carlos<\/td>\n<\/tr>\n<tr>\n<td>DID\u00c1CTICA DE LA BIOLOG\u00cdA<\/td>\n<td>LEHNER Elizabeth<\/td>\n<\/tr>\n<tr>\n<td>EPISTEMIOLOG\u00cdA DE LA BIOLOG\u00cdA<\/td>\n<td>RODR\u00cdGUEZ Esteban<\/td>\n<\/tr>\n<tr>\n<td>HISTORA DE LA EDUCACI\u00d3N ARGENTINA<\/td>\n<td>URCHUEGUIA Susana<\/td>\n<\/tr>\n<tr>\n<td>REINOS PLURICELULARES<\/td>\n<td>RAMIREZ Gabriela<\/td>\n<\/tr>\n<tr>\n<td>PRACTICA DOCENTE III<\/td>\n<td>ALMADA Fabricio<\/td>\n<\/tr>\n<tr>\n<td><\/td>\n<td><\/td>\n<\/tr>\n<tr>\n<td>REINO ANIMAL<\/td>\n<td>RAMIREZ Gabriela<\/td>\n<\/tr>\n<tr>\n<td>SOCIOLOG\u00cdA DE LA EDUCACI\u00d3N<\/td>\n<td>ESPINDOLA Juan Carlos<\/td>\n<\/tr>\n<tr>\n<td>UDI<\/td>\n<td>HAUTEVILLE Mar\u00eda Bel\u00e9n<\/td>\n<\/tr>\n<tr>\n<td><\/td>\n<td><\/td>\n<\/tr>\n<tr>\n<td><\/td>\n<td><\/td>\n<\/tr>\n<tr>\n<td style=\"text-align: center;\" colspan=\"2\">CUARTO A\u00d1O<\/td>\n<\/tr>\n<tr>\n<td>C\u00c1TEDRA<\/td>\n<td>PROFESOR\/ES<\/td>\n<\/tr>\n<tr>\n<td>DERECHOS HUMANOS, \u00c9TICA Y CIUDADAN\u00cdA<\/td>\n<td>CORREA Germ\u00e1n<\/td>\n<\/tr>\n<tr>\n<td>ECOLOG\u00cdA<\/td>\n<td>RAMIREZ Gabriela<\/td>\n<\/tr>\n<tr>\n<td>EVOLUCI\u00d3N<\/td>\n<td>RODRIGUEZ Esteban<\/td>\n<\/tr>\n<tr>\n<td>GEN\u00c9TICA<\/td>\n<td>RODRIGUEZ Esteban<\/td>\n<\/tr>\n<tr>\n<td>PR\u00c1CTICA DOCENTE IV<\/td>\n<td>MIRAGLIO Claudia<\/td>\n<\/tr>\n<tr>\n<td><\/td>\n<td><\/td>\n<\/tr>\n<tr>\n<td>SALUD Y AMBIENTE<\/td>\n<td>RODRIGUEZ Esteban<\/td>\n<\/tr>\n<tr>\n<td>UDI<\/td>\n<td>BAEZA Nadia<\/td>\n<\/tr>\n<\/tbody>\n<\/table>\n<p>&nbsp;<\/p>\n<table width=\"772\">\n<tbody>\n<tr>\n<td style=\"text-align: center;\" colspan=\"2\" width=\"772\"><span style=\"color: #0000ff;\">TECNICATURA SUPERIOR EN ENFERMER\u00cdA<\/span><\/td>\n<\/tr>\n<tr>\n<td colspan=\"2\">PRIMER A\u00d1O<\/td>\n<\/tr>\n<tr>\n<td>ANATOM\u00cdA Y FISIOLOG\u00cdA<\/td>\n<td>PROFESOR\/ES<\/td>\n<\/tr>\n<tr>\n<td>BIO\u00c9TICA Y DEONTOLOG\u00cdA<\/td>\n<td>NUSS Cintia<\/td>\n<\/tr>\n<tr>\n<td>BIOF\u00cdSICA<\/td>\n<td>BATISTUTTI Ana<\/td>\n<\/tr>\n<tr>\n<td>CONOC DE LA REALIDAD EN EL CONT GLOBAL<\/td>\n<td>RAMIREZ Gabriela<\/td>\n<\/tr>\n<tr>\n<td>FARMACOLOG\u00cdA<\/td>\n<td>HEINZE Ver\u00f3nica<\/td>\n<\/tr>\n<tr>\n<td>INTROD Y FUNDAMENTOS DE LOS CUIDADOS DE ENFERMER\u00cdA<\/td>\n<td>CARDOZO Alexia<\/td>\n<\/tr>\n<tr>\n<td>METODOLOG\u00cdA DE LA INVESTIGACI\u00d3N<\/td>\n<td>HEINZE Ver\u00f3nica<\/td>\n<\/tr>\n<tr>\n<td>MICROBIOLOG\u00cdA Y PARASITOLOG\u00cdA<\/td>\n<td>RAMIREZ Gabriela<\/td>\n<\/tr>\n<tr>\n<td>P\u00b4RACTICAS PROFESIONALIZANTES I<\/td>\n<td>MACOR Silvia<\/td>\n<\/tr>\n<tr>\n<td>PRIMEROS AUXILIOS<\/td>\n<td>CARDOZO Alexia<\/td>\n<\/tr>\n<tr>\n<td>SALUD P\u00daBLICA<\/td>\n<td>CARDOZO Alexia<\/td>\n<\/tr>\n<tr>\n<td>UDI<\/td>\n<td>RODRIGUEZ Mara<\/td>\n<\/tr>\n<tr>\n<td><\/td>\n<td><\/td>\n<\/tr>\n<tr>\n<td><\/td>\n<td><\/td>\n<\/tr>\n<tr>\n<td style=\"text-align: center;\" colspan=\"2\">SEGUNDO A\u00d1O<\/td>\n<\/tr>\n<tr>\n<td>C\u00c1TEDRA<\/td>\n<td>PROFESOR\/ES<\/td>\n<\/tr>\n<tr>\n<td>ALIMENTACI\u00d3N, NUTRICICI\u00d3N Y DIETOTERAPIA<\/td>\n<td>HEINZE Ver\u00f3nica<\/td>\n<\/tr>\n<tr>\n<td>ASPECTOS PSICOSOCIALES Y CULTURALES DEL DESARROLLO<\/td>\n<td>TURINETTIS P\u00eda<\/td>\n<\/tr>\n<tr>\n<td>COOR DE LAS PR\u00c1CTICAS PROFESIONALIZANTES II<\/td>\n<td>DEL VALLE Patricia<\/td>\n<\/tr>\n<tr>\n<td>CUIDADOSINTEGRADOS BASADOS EN LA EVIDENCIA I<\/td>\n<td>SANCHEZ Adriana<\/td>\n<\/tr>\n<tr>\n<td>CUIDADOS DE ENFERMER\u00cdA DEL ADULTO Y DEL ANCIANO<\/td>\n<td>MARICHAL Pablo<\/td>\n<\/tr>\n<tr>\n<td>ENFERMER\u00cdA EN SALUD COMUNITARIA<\/td>\n<td>SANCHEZ Adriana<\/td>\n<\/tr>\n<tr>\n<td>ENFERMER\u00cdA EN SALUD MENTAL Y PSIQUIATR\u00cdA<\/td>\n<td>CARDOSO Alexia<\/td>\n<\/tr>\n<tr>\n<td>FARMACOLOG\u00cdA II<\/td>\n<td>DIAZ Hugo<\/td>\n<\/tr>\n<tr>\n<td>IDIOMA EXTRANJERO: INGL\u00c9S T\u00c9CNICO<\/td>\n<td>SUELDO Natalia<\/td>\n<\/tr>\n<tr>\n<td>METODOLOG\u00cdA DE LA INVESTIGACI\u00d3N II<\/td>\n<td>TURINETTIS P\u00eda<\/td>\n<\/tr>\n<tr>\n<td>PR\u00c1CTICAS PROFESIONALIZANTES II<\/td>\n<td>MAILIZA Ariel<\/td>\n<\/tr>\n<tr>\n<td>PROCESO SOCIAL APLICADO EN EL CONTEXTO DE LA SALUD<\/td>\n<td>MARICHAL Pablo<\/td>\n<\/tr>\n<tr>\n<td>UDI<\/td>\n<td>HEINZE Ver\u00f3nica<\/td>\n<\/tr>\n<tr>\n<td><\/td>\n<td><\/td>\n<\/tr>\n<tr>\n<td><\/td>\n<td><\/td>\n<\/tr>\n<tr>\n<td><\/td>\n<td><\/td>\n<\/tr>\n<tr>\n<td style=\"text-align: center;\" colspan=\"2\">TERCER A\u00d1O<\/td>\n<\/tr>\n<tr>\n<td>C\u00c1TEDRA<\/td>\n<td>PROFESOR\/ES<\/td>\n<\/tr>\n<tr>\n<td>ADMIN Y GESTI\u00d3N DE LOS RECURSOS EN ENFERMER\u00cdA<\/td>\n<td>MARICHAL Pablo<\/td>\n<\/tr>\n<tr>\n<td>COMUNICACI\u00d3N Y EDUCACI\u00d3N<\/td>\n<td>ESPINOSA Corina<\/td>\n<\/tr>\n<tr>\n<td>COORD DE PR\u00c1CTICAS PROFESIONALIZANTES III<\/td>\n<td>CARDOSO Alexia<\/td>\n<\/tr>\n<tr>\n<td>CUIDADOS INTEGRADOS BASADOS EN LA EVIDENCIA II<\/td>\n<td>SANCHEZ Adriana<\/td>\n<\/tr>\n<tr>\n<td>DERECHOS HUMANOS<\/td>\n<td>AGUILAR Patricia<\/td>\n<\/tr>\n<tr>\n<td>ENFERMER\u00cdA DE LA MADRE, NI\u00d1O Y ADOLESCENTES<\/td>\n<td>MACOR Silvia<\/td>\n<\/tr>\n<tr>\n<td>IDIOMA EXTRANJERO: PORTUGUEZ<\/td>\n<td>ANDRIOLI Laureano<\/td>\n<\/tr>\n<tr>\n<td>INFORM\u00c1TICA<\/td>\n<td>RIOS Milton<\/td>\n<\/tr>\n<tr>\n<td>MARCOS LEGALES<\/td>\n<td>MARICHAL Pablo<\/td>\n<\/tr>\n<tr>\n<td>PR\u00c1CTICAS PROFESIONALIZANTES III<\/td>\n<td>MACOR Silvia<\/td>\n<\/tr>\n<tr>\n<td>SEMINARIO INVESTIGACI\u00d3N<\/td>\n<td>TURINETTIS P\u00eda<\/td>\n<\/tr>\n<tr>\n<td>UDI<\/td>\n<td>FERRANDO Ferndanda<\/td>\n<\/tr>\n<tr>\n<td>URGENCIA Y EMERGENCIA<\/td>\n<td>SANCHEZ Adriana<\/td>\n<\/tr>\n<\/tbody>\n<\/table>\n","protected":false},"excerpt":{"rendered":"<p>&nbsp; PROFESORADO DE EDUCACI\u00d3N PRIMARIA PRIMER A\u00d1O C\u00c1TEDRA PROFESOR\/ES CIENCIAS NATURALES Y SU DID\u00c1CTICA I RODRIGUEZ Esteban CIENCIAS SOCIALES Y SU DIDACTICA I GOMIERO Ver\u00f3nica CORPOREIDAD, JUEGO Y LENGUAJES ART\u00cdSTICOS AUBERT Gabriela MAYOR Nicol\u00e1s ZAPATA Mat\u00edas DID\u00c1CTICA GENERAL PASGAL Carolina LENGUA, LITERATURA, ESCRITURA Y TIC ESPINOSA Andrea MATEM\u00c1TICA Y SU DID\u00c1CTICA I FRANCHESI Luciano ORALIDAD &#8230; <a title=\"Docentes\" class=\"read-more\" href=\"https:\/\/ensviale-ers.infd.edu.ar\/sitio\/docentes\/\" aria-label=\"More on Docentes\">[+]<\/a><\/p>\n","protected":false},"author":15,"featured_media":0,"parent":0,"menu_order":0,"comment_status":"closed","ping_status":"closed","template":"","meta":[],"acf":[],"_links":{"self":[{"href":"https:\/\/ensviale-ers.infd.edu.ar\/sitio\/wp-json\/wp\/v2\/pages\/797"}],"collection":[{"href":"https:\/\/ensviale-ers.infd.edu.ar\/sitio\/wp-json\/wp\/v2\/pages"}],"about":[{"href":"https:\/\/ensviale-ers.infd.edu.ar\/sitio\/wp-json\/wp\/v2\/types\/page"}],"author":[{"embeddable":true,"href":"https:\/\/ensviale-ers.infd.edu.ar\/sitio\/wp-json\/wp\/v2\/users\/15"}],"replies":[{"embeddable":true,"href":"https:\/\/ensviale-ers.infd.edu.ar\/sitio\/wp-json\/wp\/v2\/comments?post=797"}],"version-history":[{"count":5,"href":"https:\/\/ensviale-ers.infd.edu.ar\/sitio\/wp-json\/wp\/v2\/pages\/797\/revisions"}],"predecessor-version":[{"id":1400,"href":"https:\/\/ensviale-ers.infd.edu.ar\/sitio\/wp-json\/wp\/v2\/pages\/797\/revisions\/1400"}],"wp:attachment":[{"href":"https:\/\/ensviale-ers.infd.edu.ar\/sitio\/wp-json\/wp\/v2\/media?parent=797"}],"curies":[{"name":"wp","href":"https:\/\/api.w.org\/{rel}","templated":true}]}}