{"id":775,"date":"2018-07-02T20:25:06","date_gmt":"2018-07-02T23:25:06","guid":{"rendered":"https:\/\/ensviale-ers.infd.edu.ar\/sitio\/normativa\/"},"modified":"2026-01-03T11:17:10","modified_gmt":"2026-01-03T14:17:10","slug":"normativa","status":"publish","type":"page","link":"https:\/\/ensviale-ers.infd.edu.ar\/sitio\/normativa\/","title":{"rendered":"Normativa"},"content":{"rendered":"<p style=\"text-align: justify;\"><span style=\"font-size: 10pt;\"><strong>Se encuentra disponible el R.A.M. (R\u00e9gimen Acad\u00e9mico Marco) <a href=\"https:\/\/agmer.org.ar\/index\/wp-content\/uploads\/2024\/02\/resolucion_0249-24_cge.pdf\">Resoluci\u00f3n 0249\/24<\/a><\/strong><\/span><\/p>\n<p><a href=\"https:\/\/aprender.entrerios.edu.ar\/wp-content\/uploads\/2025\/12\/3686-25-CGE-CALENDARIO-ESCOLAR-CICLO-LECTIVO-2026.pdf\">Calendario escolar 2026<\/a><\/p>\n<p><a href=\"https:\/\/itsmariagrande-ers.infd.edu.ar\/sitio\/normativa-y-documentacion-general\/upload\/FU.pdf\">Formulario \u00danico<\/a><\/p>\n<p style=\"text-align: justify;\"><strong><span style=\"font-size: 10pt;\"><a title=\"https:\/\/ensviale-ers.infd.edu.ar\/aula\/archivos\/repositorio\/\/500\/501\/reglicenciasinteg.pdf\" href=\"https:\/\/ensviale-ers.infd.edu.ar\/aula\/archivos\/repositorio\/\/500\/501\/reglicenciasinteg.pdf\" target=\"_NEW\" rel=\"noopener\">Regimen unificado de licencia<\/a>. Marco normativo para cualquier tipo de licencia en docencia<\/span><\/strong><\/p>\n<p><strong><span style=\"font-size: 10pt;\">\u00a0<\/span><\/strong><\/p>\n","protected":false},"excerpt":{"rendered":"<p>Se encuentra disponible el R.A.M. (R\u00e9gimen Acad\u00e9mico Marco) Resoluci\u00f3n 0249\/24 Calendario escolar 2026 Formulario \u00danico Regimen unificado de licencia. Marco normativo para cualquier tipo de licencia en docencia \u00a0<\/p>\n","protected":false},"author":15,"featured_media":0,"parent":0,"menu_order":0,"comment_status":"closed","ping_status":"closed","template":"","meta":[],"acf":[],"_links":{"self":[{"href":"https:\/\/ensviale-ers.infd.edu.ar\/sitio\/wp-json\/wp\/v2\/pages\/775"}],"collection":[{"href":"https:\/\/ensviale-ers.infd.edu.ar\/sitio\/wp-json\/wp\/v2\/pages"}],"about":[{"href":"https:\/\/ensviale-ers.infd.edu.ar\/sitio\/wp-json\/wp\/v2\/types\/page"}],"author":[{"embeddable":true,"href":"https:\/\/ensviale-ers.infd.edu.ar\/sitio\/wp-json\/wp\/v2\/users\/15"}],"replies":[{"embeddable":true,"href":"https:\/\/ensviale-ers.infd.edu.ar\/sitio\/wp-json\/wp\/v2\/comments?post=775"}],"version-history":[{"count":2,"href":"https:\/\/ensviale-ers.infd.edu.ar\/sitio\/wp-json\/wp\/v2\/pages\/775\/revisions"}],"predecessor-version":[{"id":7368,"href":"https:\/\/ensviale-ers.infd.edu.ar\/sitio\/wp-json\/wp\/v2\/pages\/775\/revisions\/7368"}],"wp:attachment":[{"href":"https:\/\/ensviale-ers.infd.edu.ar\/sitio\/wp-json\/wp\/v2\/media?parent=775"}],"curies":[{"name":"wp","href":"https:\/\/api.w.org\/{rel}","templated":true}]}}