{"id":7360,"date":"2026-01-03T11:13:12","date_gmt":"2026-01-03T14:13:12","guid":{"rendered":"https:\/\/ensviale-ers.infd.edu.ar\/sitio\/?page_id=7360"},"modified":"2026-01-03T11:13:13","modified_gmt":"2026-01-03T14:13:13","slug":"informacion-para-ingresantes-2026","status":"publish","type":"page","link":"https:\/\/ensviale-ers.infd.edu.ar\/sitio\/informacion-para-ingresantes-2026\/","title":{"rendered":"Informaci\u00f3n para ingresantes 2026"},"content":{"rendered":"\n<p>Bienvenidos a la Escuela Normal Superior \u201cVictorino &nbsp;Viale\u201d, saludamos por este medio agradecidos de habernos elegido para su proyecto de vida laboral cursando una carrera de Nivel Superior de la oferta 2026.<\/p>\n\n\n\n<p>Somos, un equipo de trabajo que estaremos acompa\u00f1\u00e1ndote para que logres llegar a la meta final que es obtener tu t\u00edtulo: Rector, Consejo Directivo Institucional, Secretaria Acad\u00e9mica, Preceptores, Bibliotecaria.<\/p>\n\n\n\n<p>En esta primera comunicaci\u00f3n, con ustedes queremos informarles sobre algunas novedades para el a\u00f1o 2026.<\/p>\n\n\n\n<p>Para el 2026, dicaremos una cohorte de las siguientes carreras:&nbsp;<strong>Profesorado de Educaci\u00f3n Primaria, Tecnicatura Superior en Enfermer\u00eda y Tecnicatura Superior en Nutrici\u00f3n Animal<\/strong>.<\/p>\n\n\n\n<p><em>Por lo que te pedimos tambi\u00e9n, si por diferentes razones no vas a cursar ninguna de estas carreras, nos informes para poder dar lugar a otro interesado.<\/em><\/p>\n\n\n\n<p>Cuando tengamos novedades del dictamen del Profesorado de Educaci\u00f3n Especial estaremos avisando a los inscriptos.<\/p>\n\n\n\n<p>Fechas para agendar:<\/p>\n\n\n\n<p>A partir del d\u00eda mi\u00e9rcoles 18 de febrero de 2026 de 19 h &nbsp;a 21 h &nbsp;estaremos recibiendo consultas y documentaci\u00f3n para completar la inscripci\u00f3n a las carreras:&nbsp;<\/p>\n\n\n\n<p>\u00b7&nbsp;&nbsp;&nbsp;&nbsp;&nbsp;&nbsp;&nbsp;&nbsp;&nbsp;<strong>Profesorado de Educaci\u00f3n Primaria.<\/strong><\/p>\n\n\n\n<p>\u00b7&nbsp;&nbsp;&nbsp;&nbsp;&nbsp;&nbsp;&nbsp;&nbsp;&nbsp;<strong>Tecnicatura Superior en Enfermer\u00eda.<\/strong><\/p>\n\n\n\n<p>\u00b7&nbsp;&nbsp;&nbsp;&nbsp;&nbsp;&nbsp;&nbsp;&nbsp;&nbsp;<strong>Tecnicatura Superior en Nutrici\u00f3n Animal<\/strong><\/p>\n\n\n\n<p>Deber\u00e1n presentar a partir del 18 de febrero:<\/p>\n\n\n\n<p><strong>&#8211; Certificado de la finalizaci\u00f3n de estudios de la Educaci\u00f3n Secundaria (legalizado) o certificado de t\u00edtulo en tr\u00e1mite.<\/strong><\/p>\n\n\n\n<p><strong>&#8211; Fotocopia de DNI o documentaci\u00f3n que corresponda para estudiantes extranjeros<\/strong><\/p>\n\n\n\n<p><strong>&#8211; Una foto carnet para legajo<\/strong><\/p>\n\n\n\n<p><strong>&#8211; Constancia de CUIL<\/strong><\/p>\n\n\n\n<p><strong>&#8211; Formulario de inscripci\u00f3n. Se puede comprar en la escuela<\/strong><\/p>\n\n\n\n<p><strong>&#8211; Partida de nacimiento (legalizada)<\/strong><\/p>\n\n\n\n<p><strong>&#8211; Carpeta de cartulina color amarillo para la documentaci\u00f3n. Se puede compra en la escuela<\/strong><\/p>\n\n\n\n<p><strong>&#8211; Colaboraci\u00f3n anual de Cooperadora Escolar $10.000 (se puede abonar durante el a\u00f1o en cuotas).<\/strong><\/p>\n\n\n\n<p>Las clases del &nbsp;Ciclo Introductorio son desde &nbsp;el&nbsp;&nbsp;<strong>9 &nbsp;de marzo al 27 de marzo (horario a definir en 2026)&nbsp;<\/strong>y es importante contar con la siguiente que como futuros estudiantes del nivel superior obtengan la siguiente documentaci\u00f3n&nbsp;<strong>digitalizada.<\/strong><\/p>\n\n\n\n<p>\u00b7&nbsp;&nbsp;&nbsp;&nbsp;&nbsp;&nbsp;&nbsp;&nbsp;&nbsp;Cuadernillo&nbsp;de Ciclo Introductorio.<\/p>\n\n\n\n<p>\u00b7&nbsp;&nbsp;&nbsp;&nbsp;&nbsp;&nbsp;&nbsp;&nbsp;&nbsp;Dise\u00f1o curricular de la carrera a cursar.<\/p>\n\n\n\n<p>\u00b7&nbsp;&nbsp;&nbsp;&nbsp;&nbsp;&nbsp;&nbsp;&nbsp;&nbsp;RAM R\u00e9gimen Acad\u00e9mico Marco 249\/24 CGE<\/p>\n\n\n\n<p>La documentaci\u00f3n se puede descargar del sitio web de la instituci\u00f3n&nbsp;<a href=\"https:\/\/ensviale-ers.infd.edu.ar\/sitio\/\" rel=\"noreferrer noopener\" target=\"_blank\">https:\/\/ensviale-ers.infd.edu.ar\/sitio\/<\/a>&nbsp;<\/p>\n\n\n\n<p><strong><u>IMPORTANTE<\/u><\/strong><\/p>\n\n\n\n<p>Aquellos estudiantes que tienen cursadas y aprobadas materias en otras carreras, pueden solicitar equivalencias desde el&nbsp;<strong>11 de febrero al 25 de marzo del 2026.&nbsp;<\/strong>Requisitos en la resoluci\u00f3n 249\/24 CGE<\/p>\n\n\n\n<p><strong>Medios de comunicaci\u00f3n:<\/strong><\/p>\n\n\n\n<p>Direcci\u00f3n: Corrientes 279. CP 3109.&nbsp; Viale &#8211; Entre R\u00edos. Horario: 19&nbsp; a 21 hs<\/p>\n\n\n\n<p>Tel\u00e9fono: 0343-4920137<\/p>\n\n\n\n<p>Mail:&nbsp;<\/p>\n\n\n\n<p>\u00b7&nbsp;&nbsp;&nbsp;&nbsp;&nbsp;&nbsp;&nbsp;&nbsp;&nbsp;<a href=\"mailto:superior.normal43.pn@entrerios.edu.ar\" rel=\"noreferrer noopener\" target=\"_blank\">superior.normal43.pn@entrerios.edu.ar<\/a>&nbsp;&nbsp;&nbsp;&nbsp;<\/p>\n\n\n\n<p>\u00b7&nbsp;&nbsp;&nbsp;&nbsp;&nbsp;&nbsp;&nbsp;&nbsp;&nbsp;<a href=\"mailto:secretariaacademicaensvv@gmail.com\" rel=\"noreferrer noopener\" target=\"_blank\">secretariaacademicaensvv@gmail.com<\/a>&nbsp;<\/p>\n\n\n\n<p>\u00b7&nbsp;&nbsp;&nbsp;&nbsp;&nbsp;&nbsp;&nbsp;&nbsp;&nbsp;<a href=\"mailto:preceptoriaensvv@gmail.com\" rel=\"noreferrer noopener\" target=\"_blank\">preceptoriaensvv@gmail.com<\/a><\/p>\n\n\n\n<p>Sitio Web:&nbsp;<a href=\"https:\/\/ensviale-ers.infd.edu.ar\/sitio\/\" rel=\"noreferrer noopener\" target=\"_blank\">https:\/\/ensviale-ers.infd.edu.ar\/sitio\/<\/a><\/p>\n\n\n\n<p>Redes Sociales:<\/p>\n\n\n\n<p>\u00b7&nbsp;&nbsp;&nbsp;&nbsp;&nbsp;&nbsp;&nbsp;&nbsp;&nbsp;Facebook: Escuela Normal Superior \u201cVictorino Viale\u201d<\/p>\n\n\n\n<p>\u00b7&nbsp;&nbsp;&nbsp;&nbsp;&nbsp;&nbsp;&nbsp;&nbsp;&nbsp;Instagram: esc_victorinoviale<\/p>\n\n\n\n<p>Es importante que registren estos medios de comunicaci\u00f3n ya que estaremos informando los horarios del ciclo introductorio y los horarios de cursado a todas las c\u00e1tedras.<\/p>\n\n\n\n<p>Saludos a todos.<\/p>\n\n\n\n<p>Escuela Normal Superior Victorino Viale<\/p>\n","protected":false},"excerpt":{"rendered":"<p>Bienvenidos a la Escuela Normal Superior \u201cVictorino &nbsp;Viale\u201d, saludamos por este medio agradecidos de habernos elegido para su proyecto de vida laboral cursando una carrera de Nivel Superior de la oferta 2026. Somos, un equipo de trabajo que estaremos acompa\u00f1\u00e1ndote para que logres llegar a la meta final que es obtener tu t\u00edtulo: Rector, Consejo &#8230; <a title=\"Informaci\u00f3n para ingresantes 2026\" class=\"read-more\" href=\"https:\/\/ensviale-ers.infd.edu.ar\/sitio\/informacion-para-ingresantes-2026\/\" aria-label=\"More on Informaci\u00f3n para ingresantes 2026\">[+]<\/a><\/p>\n","protected":false},"author":334,"featured_media":0,"parent":0,"menu_order":0,"comment_status":"closed","ping_status":"closed","template":"","meta":[],"acf":[],"_links":{"self":[{"href":"https:\/\/ensviale-ers.infd.edu.ar\/sitio\/wp-json\/wp\/v2\/pages\/7360"}],"collection":[{"href":"https:\/\/ensviale-ers.infd.edu.ar\/sitio\/wp-json\/wp\/v2\/pages"}],"about":[{"href":"https:\/\/ensviale-ers.infd.edu.ar\/sitio\/wp-json\/wp\/v2\/types\/page"}],"author":[{"embeddable":true,"href":"https:\/\/ensviale-ers.infd.edu.ar\/sitio\/wp-json\/wp\/v2\/users\/334"}],"replies":[{"embeddable":true,"href":"https:\/\/ensviale-ers.infd.edu.ar\/sitio\/wp-json\/wp\/v2\/comments?post=7360"}],"version-history":[{"count":1,"href":"https:\/\/ensviale-ers.infd.edu.ar\/sitio\/wp-json\/wp\/v2\/pages\/7360\/revisions"}],"predecessor-version":[{"id":7362,"href":"https:\/\/ensviale-ers.infd.edu.ar\/sitio\/wp-json\/wp\/v2\/pages\/7360\/revisions\/7362"}],"wp:attachment":[{"href":"https:\/\/ensviale-ers.infd.edu.ar\/sitio\/wp-json\/wp\/v2\/media?parent=7360"}],"curies":[{"name":"wp","href":"https:\/\/api.w.org\/{rel}","templated":true}]}}