{"id":7254,"date":"2025-07-03T21:32:04","date_gmt":"2025-07-04T00:32:04","guid":{"rendered":"https:\/\/ensviale-ers.infd.edu.ar\/sitio\/?page_id=7254"},"modified":"2025-07-03T21:32:06","modified_gmt":"2025-07-04T00:32:06","slug":"cronograma-de-mesas-evaluadoras-ordinarias","status":"publish","type":"page","link":"https:\/\/ensviale-ers.infd.edu.ar\/sitio\/cronograma-de-mesas-evaluadoras-ordinarias\/","title":{"rendered":"Cronograma de Mesas Evaluadoras Ordinarias"},"content":{"rendered":"\n<p>La Secretar\u00eda Acad\u00e9mica de la Escuela Normal Superior Victorino Viale comparte el cronograma de las Mesas Evaluadoras Ordinarias, del turno Julio\/Agosto 2025, Primer Llamado<\/p>\n\n\n\n<p class=\"has-medium-font-size\">Tecnicatura Superior en Nutrici\u00f3n Animal<\/p>\n\n\n\n<div class=\"wp-block-file\"><object class=\"wp-block-file__embed\" data=\"https:\/\/ensviale-ers.infd.edu.ar\/sitio\/wp-content\/uploads\/2025\/07\/NUTRICION-ANIMAL-MESAS-JULIO-AGOSTO-2025-1.pdf\" type=\"application\/pdf\" style=\"width:100%;height:600px\" aria-label=\"Incrustado de NUTRICION-ANIMAL-MESAS-JULIO-AGOSTO-2025-1.\"><\/object><a id=\"wp-block-file--media-b7973c38-b124-43d5-8c33-dbb1648b26f5\" href=\"https:\/\/ensviale-ers.infd.edu.ar\/sitio\/wp-content\/uploads\/2025\/07\/NUTRICION-ANIMAL-MESAS-JULIO-AGOSTO-2025-1.pdf\">NUTRICION-ANIMAL-MESAS-JULIO-AGOSTO-2025-1<\/a><a href=\"https:\/\/ensviale-ers.infd.edu.ar\/sitio\/wp-content\/uploads\/2025\/07\/NUTRICION-ANIMAL-MESAS-JULIO-AGOSTO-2025-1.pdf\" class=\"wp-block-file__button wp-element-button\" download aria-describedby=\"wp-block-file--media-b7973c38-b124-43d5-8c33-dbb1648b26f5\">Descarga<\/a><\/div>\n\n\n\n<p><\/p>\n\n\n\n<p class=\"has-medium-font-size\">Tecnicatura Superior en Enfermer\u00eda <\/p>\n\n\n\n<div class=\"wp-block-file\"><object class=\"wp-block-file__embed\" data=\"https:\/\/ensviale-ers.infd.edu.ar\/sitio\/wp-content\/uploads\/2025\/07\/ENFERMERIA-JULIO-AGOSTO-2025-1.pdf\" type=\"application\/pdf\" style=\"width:100%;height:600px\" aria-label=\"Incrustado de ENFERMERIA-JULIO-AGOSTO-2025-1.\"><\/object><a id=\"wp-block-file--media-5f7e34a0-1a0d-42f9-98be-3399c71cb1de\" href=\"https:\/\/ensviale-ers.infd.edu.ar\/sitio\/wp-content\/uploads\/2025\/07\/ENFERMERIA-JULIO-AGOSTO-2025-1.pdf\">ENFERMERIA-JULIO-AGOSTO-2025-1<\/a><a href=\"https:\/\/ensviale-ers.infd.edu.ar\/sitio\/wp-content\/uploads\/2025\/07\/ENFERMERIA-JULIO-AGOSTO-2025-1.pdf\" class=\"wp-block-file__button wp-element-button\" download aria-describedby=\"wp-block-file--media-5f7e34a0-1a0d-42f9-98be-3399c71cb1de\">Descarga<\/a><\/div>\n\n\n\n<p class=\"has-medium-font-size\">Profesorado de Educaci\u00f3n Primaria<\/p>\n\n\n\n<div class=\"wp-block-file\"><object class=\"wp-block-file__embed\" data=\"https:\/\/ensviale-ers.infd.edu.ar\/sitio\/wp-content\/uploads\/2025\/07\/PRIMARIA-JULIO-AGOSTO-2025-1-1.pdf\" type=\"application\/pdf\" style=\"width:100%;height:600px\" aria-label=\"Incrustado de PRIMARIA-JULIO-AGOSTO-2025-1-1.\"><\/object><a id=\"wp-block-file--media-d1043aca-5c69-4a54-86aa-11b3d0733f3f\" href=\"https:\/\/ensviale-ers.infd.edu.ar\/sitio\/wp-content\/uploads\/2025\/07\/PRIMARIA-JULIO-AGOSTO-2025-1-1.pdf\">PRIMARIA-JULIO-AGOSTO-2025-1-1<\/a><a href=\"https:\/\/ensviale-ers.infd.edu.ar\/sitio\/wp-content\/uploads\/2025\/07\/PRIMARIA-JULIO-AGOSTO-2025-1-1.pdf\" class=\"wp-block-file__button wp-element-button\" download aria-describedby=\"wp-block-file--media-d1043aca-5c69-4a54-86aa-11b3d0733f3f\">Descarga<\/a><\/div>\n\n\n\n<p class=\"has-medium-font-size\">Profesorado de Qu\u00edmica<\/p>\n\n\n\n<div class=\"wp-block-file\"><object class=\"wp-block-file__embed\" data=\"https:\/\/ensviale-ers.infd.edu.ar\/sitio\/wp-content\/uploads\/2025\/07\/QUIMICA-JULIO-AGOSTO-2025-1.pdf\" type=\"application\/pdf\" style=\"width:100%;height:600px\" aria-label=\"Incrustado de QUIMICA-JULIO-AGOSTO-2025-1.\"><\/object><a id=\"wp-block-file--media-af57278b-ba04-4452-a602-fcfb6c952e6d\" href=\"https:\/\/ensviale-ers.infd.edu.ar\/sitio\/wp-content\/uploads\/2025\/07\/QUIMICA-JULIO-AGOSTO-2025-1.pdf\">QUIMICA-JULIO-AGOSTO-2025-1<\/a><a href=\"https:\/\/ensviale-ers.infd.edu.ar\/sitio\/wp-content\/uploads\/2025\/07\/QUIMICA-JULIO-AGOSTO-2025-1.pdf\" class=\"wp-block-file__button wp-element-button\" download aria-describedby=\"wp-block-file--media-af57278b-ba04-4452-a602-fcfb6c952e6d\">Descarga<\/a><\/div>\n\n\n\n<p class=\"has-medium-font-size\">Profesorado de F\u00edsica<\/p>\n\n\n\n<div class=\"wp-block-file\"><object class=\"wp-block-file__embed\" data=\"https:\/\/ensviale-ers.infd.edu.ar\/sitio\/wp-content\/uploads\/2025\/07\/FISICA-JULIO-AGOSTO-2025-1.pdf\" type=\"application\/pdf\" style=\"width:100%;height:600px\" aria-label=\"Incrustado de FISICA-JULIO-AGOSTO-2025-1.\"><\/object><a id=\"wp-block-file--media-c76044e3-14c1-4479-8187-62e32715c204\" href=\"https:\/\/ensviale-ers.infd.edu.ar\/sitio\/wp-content\/uploads\/2025\/07\/FISICA-JULIO-AGOSTO-2025-1.pdf\">FISICA-JULIO-AGOSTO-2025-1<\/a><a href=\"https:\/\/ensviale-ers.infd.edu.ar\/sitio\/wp-content\/uploads\/2025\/07\/FISICA-JULIO-AGOSTO-2025-1.pdf\" class=\"wp-block-file__button wp-element-button\" download aria-describedby=\"wp-block-file--media-c76044e3-14c1-4479-8187-62e32715c204\">Descarga<\/a><\/div>\n","protected":false},"excerpt":{"rendered":"<p>La Secretar\u00eda Acad\u00e9mica de la Escuela Normal Superior Victorino Viale comparte el cronograma de las Mesas Evaluadoras Ordinarias, del turno Julio\/Agosto 2025, Primer Llamado Tecnicatura Superior en Nutrici\u00f3n Animal Tecnicatura Superior en Enfermer\u00eda Profesorado de Educaci\u00f3n Primaria Profesorado de Qu\u00edmica Profesorado de F\u00edsica<\/p>\n","protected":false},"author":334,"featured_media":0,"parent":0,"menu_order":0,"comment_status":"closed","ping_status":"closed","template":"","meta":[],"acf":[],"_links":{"self":[{"href":"https:\/\/ensviale-ers.infd.edu.ar\/sitio\/wp-json\/wp\/v2\/pages\/7254"}],"collection":[{"href":"https:\/\/ensviale-ers.infd.edu.ar\/sitio\/wp-json\/wp\/v2\/pages"}],"about":[{"href":"https:\/\/ensviale-ers.infd.edu.ar\/sitio\/wp-json\/wp\/v2\/types\/page"}],"author":[{"embeddable":true,"href":"https:\/\/ensviale-ers.infd.edu.ar\/sitio\/wp-json\/wp\/v2\/users\/334"}],"replies":[{"embeddable":true,"href":"https:\/\/ensviale-ers.infd.edu.ar\/sitio\/wp-json\/wp\/v2\/comments?post=7254"}],"version-history":[{"count":1,"href":"https:\/\/ensviale-ers.infd.edu.ar\/sitio\/wp-json\/wp\/v2\/pages\/7254\/revisions"}],"predecessor-version":[{"id":7260,"href":"https:\/\/ensviale-ers.infd.edu.ar\/sitio\/wp-json\/wp\/v2\/pages\/7254\/revisions\/7260"}],"wp:attachment":[{"href":"https:\/\/ensviale-ers.infd.edu.ar\/sitio\/wp-json\/wp\/v2\/media?parent=7254"}],"curies":[{"name":"wp","href":"https:\/\/api.w.org\/{rel}","templated":true}]}}