{"id":6907,"date":"2024-04-10T22:17:22","date_gmt":"2024-04-11T01:17:22","guid":{"rendered":"https:\/\/ensviale-ers.infd.edu.ar\/sitio\/?page_id=6907"},"modified":"2024-04-10T22:17:23","modified_gmt":"2024-04-11T01:17:23","slug":"2-de-abril-dia-del-veterano-y-de-los-caidos-en-la-guerra-de-malvinas","status":"publish","type":"page","link":"https:\/\/ensviale-ers.infd.edu.ar\/sitio\/2-de-abril-dia-del-veterano-y-de-los-caidos-en-la-guerra-de-malvinas\/","title":{"rendered":"2 de Abril &#8211; \u00a0D\u00eda del Veterano y de los Ca\u00eddos en la guerra de Malvinas"},"content":{"rendered":"\n<figure class=\"wp-block-image size-full\"><img decoding=\"async\" loading=\"lazy\" width=\"1\" height=\"1\" src=\"https:\/\/ensviale-ers.infd.edu.ar\/sitio\/wp-content\/uploads\/2024\/04\/image.gif\" alt=\"\" class=\"wp-image-6919\"\/><\/figure>\n\n\n\n<p>Compartimos algunas reflexiones que realizar\u00f3n los estudiantes de nivel superior en el marco del 2 de abril D\u00eda del Veterano y Ca\u00eddos en la guerra de Malvinas.<\/p>\n\n\n\n<figure class=\"wp-block-image size-full is-resized\"><img decoding=\"async\" loading=\"lazy\" src=\"https:\/\/ensviale-ers.infd.edu.ar\/sitio\/wp-content\/uploads\/2024\/04\/WhatsApp-Image-2024-04-10-at-4.28.44-PM-1-1.jpeg\" alt=\"\" class=\"wp-image-6911\" width=\"699\" height=\"1243\" srcset=\"https:\/\/ensviale-ers.infd.edu.ar\/sitio\/wp-content\/uploads\/2024\/04\/WhatsApp-Image-2024-04-10-at-4.28.44-PM-1-1.jpeg 899w, https:\/\/ensviale-ers.infd.edu.ar\/sitio\/wp-content\/uploads\/2024\/04\/WhatsApp-Image-2024-04-10-at-4.28.44-PM-1-1-562x1000.jpeg 562w, https:\/\/ensviale-ers.infd.edu.ar\/sitio\/wp-content\/uploads\/2024\/04\/WhatsApp-Image-2024-04-10-at-4.28.44-PM-1-1-768x1366.jpeg 768w, https:\/\/ensviale-ers.infd.edu.ar\/sitio\/wp-content\/uploads\/2024\/04\/WhatsApp-Image-2024-04-10-at-4.28.44-PM-1-1-864x1536.jpeg 864w\" sizes=\"(max-width: 699px) 100vw, 699px\" \/><\/figure>\n\n\n\n<figure class=\"wp-block-image size-full\"><img decoding=\"async\" loading=\"lazy\" width=\"720\" height=\"932\" src=\"https:\/\/ensviale-ers.infd.edu.ar\/sitio\/wp-content\/uploads\/2024\/04\/WhatsApp-Image-2024-04-10-at-4.28.44-PM.jpeg\" alt=\"\" class=\"wp-image-6912\"\/><\/figure>\n\n\n\n<figure class=\"wp-block-image size-full\"><img decoding=\"async\" loading=\"lazy\" width=\"1280\" height=\"720\" src=\"https:\/\/ensviale-ers.infd.edu.ar\/sitio\/wp-content\/uploads\/2024\/04\/WhatsApp-Image-2024-04-10-at-4.28.43-PM-1.jpeg\" alt=\"\" class=\"wp-image-6913\" srcset=\"https:\/\/ensviale-ers.infd.edu.ar\/sitio\/wp-content\/uploads\/2024\/04\/WhatsApp-Image-2024-04-10-at-4.28.43-PM-1.jpeg 1280w, https:\/\/ensviale-ers.infd.edu.ar\/sitio\/wp-content\/uploads\/2024\/04\/WhatsApp-Image-2024-04-10-at-4.28.43-PM-1-1000x563.jpeg 1000w, https:\/\/ensviale-ers.infd.edu.ar\/sitio\/wp-content\/uploads\/2024\/04\/WhatsApp-Image-2024-04-10-at-4.28.43-PM-1-768x432.jpeg 768w\" sizes=\"(max-width: 1280px) 100vw, 1280px\" \/><\/figure>\n\n\n\n<figure class=\"wp-block-image size-full\"><img decoding=\"async\" loading=\"lazy\" width=\"1350\" height=\"629\" src=\"https:\/\/ensviale-ers.infd.edu.ar\/sitio\/wp-content\/uploads\/2024\/04\/WhatsApp-Image-2024-04-10-at-4.28.42-PM.jpeg\" alt=\"\" class=\"wp-image-6916\" srcset=\"https:\/\/ensviale-ers.infd.edu.ar\/sitio\/wp-content\/uploads\/2024\/04\/WhatsApp-Image-2024-04-10-at-4.28.42-PM.jpeg 1350w, https:\/\/ensviale-ers.infd.edu.ar\/sitio\/wp-content\/uploads\/2024\/04\/WhatsApp-Image-2024-04-10-at-4.28.42-PM-1000x466.jpeg 1000w, https:\/\/ensviale-ers.infd.edu.ar\/sitio\/wp-content\/uploads\/2024\/04\/WhatsApp-Image-2024-04-10-at-4.28.42-PM-768x358.jpeg 768w\" sizes=\"(max-width: 1350px) 100vw, 1350px\" \/><\/figure>\n\n\n\n<figure class=\"wp-block-image size-full\"><img decoding=\"async\" loading=\"lazy\" width=\"1280\" height=\"1254\" src=\"https:\/\/ensviale-ers.infd.edu.ar\/sitio\/wp-content\/uploads\/2024\/04\/WhatsApp-Image-2024-04-10-at-4.28.43-PM-3.jpeg\" alt=\"\" class=\"wp-image-6918\" srcset=\"https:\/\/ensviale-ers.infd.edu.ar\/sitio\/wp-content\/uploads\/2024\/04\/WhatsApp-Image-2024-04-10-at-4.28.43-PM-3.jpeg 1280w, https:\/\/ensviale-ers.infd.edu.ar\/sitio\/wp-content\/uploads\/2024\/04\/WhatsApp-Image-2024-04-10-at-4.28.43-PM-3-1000x980.jpeg 1000w, https:\/\/ensviale-ers.infd.edu.ar\/sitio\/wp-content\/uploads\/2024\/04\/WhatsApp-Image-2024-04-10-at-4.28.43-PM-3-768x752.jpeg 768w\" sizes=\"(max-width: 1280px) 100vw, 1280px\" \/><\/figure>\n\n\n\n<p><\/p>\n\n\n\n<p>2 DE ABRIL \u00abD\u00cdA DEL VETERANO Y DE LOS CA\u00cdDOS EN LA GUERRA DE MALVINAS\u00bb<br>NO HAB\u00cdAMOS NACIDO A\u00daN CUANDO SUCEDI\u00d3 LA GUERRA DE MALVINAS, PERO HEMOS LE\u00cdDO MUCHO, HEMOS HABLADO CON GENTE QUE VIVI\u00d3 ESOS D\u00cdAS, CON EX COMBATIENTES, HEMOS ESCUCHADO MUCHAS COSAS POR LA RADIO Y LA TELEVISI\u00d3N. HEMOS LLEGADO A LA CONCLUSI\u00d3N QUE ESA LUCHA POR LAS ISLAS MALVINAS FUE MANDAR AL MATADERO A TANTOS J\u00d3VENES QUE NO SAB\u00cdAN NI MANEJAR BIEN EL FUSIL, QUE NO TEN\u00cdAN EL SUFICIENTE ENTRENAMIENTO PARA SEMEJANTE BATALLA\u2026.BATALLA NO S\u00d3LO CONTRA LAS FUERZAS INGLESAS, SINO CONTRA EL CLIMA, CONTRA SUS MIEDOS, CONTRA EL SUFRIMIENTO DE ESTAR LEJOS DE SUS SERES QUERIDOS, PERO A PESAR DE TODO TEN\u00cdAN EL PECHO LLENO DE ORGULLO POR DEFENDER LOS COLORES DE NUESTRA BANDERA.<br>PASARON HAMBRE, FR\u00cdO, SOLEDAD, ABANDONO, OLVIDO\u2026..PERO A\u00daN AS\u00cd DIERON SU VIDA DEFENDIENDO LOS COLORES DE LA PATRIA. MUCHOS QUEDARON PARA SIEMPRE EN LAS ISLAS , LOS QUE VOLVIERON VIERON COMO SU VIDA SE TRANSFORMABA EN UN INFIERNO, DESDE PESADILLAS HASTA EL ABANDONO , EL OLVIDO\u2026.LOS HICIERON SENTIR CULPABLES DEL RESULTADO DE LA GUERRA. MUCHOS NO LO SOPORTARON Y TERMINARON SUICID\u00c1NDOSE, OTROS SOBREVIVIERON PERO QUEDARON CON DA\u00d1O PSICOL\u00d3GICO POR EL RESTO DE SUS D\u00cdAS.<br>DUELE EL ALMA Y SANGRA EL CORAZ\u00d3N AL ESCUCHAR EN LAS NOTICIAS CUANDO MATAN A ALGUIEN PARA ROBARLE SUS PERTENENCIAS, PERO CUANDO MATAN COBARDEMENTE A UN EX COMBATIENTE DE MALVINAS, HACEN CASO OMISO A LA INFORMACI\u00d3N Y ESO DUELE A\u00daN M\u00c1S.<br>UN SOLDADO NO MUERE EN LA BATALLA\u2026.MUERE CUANDO ES OLVIDADO\u2026.PERO NO MUERE JAM\u00c1S CUANDO, AUNQUE M\u00c1S NO SEA S\u00d3LO UNO, LO RECUERDA Y NO S\u00d3LO CADA 2 DE ABRIL\u2026.SINO CADA UNO DE LOS D\u00cdAS.<br>LES DEBEMOS TANTO\u2026\u2026NO LO OLVIDEMOS JAM\u00c1S.<br>VIVA LA PATRIA!!!!!<\/p>\n\n\n\n<figure class=\"wp-block-image size-full is-resized\"><img decoding=\"async\" loading=\"lazy\" src=\"https:\/\/ensviale-ers.infd.edu.ar\/sitio\/wp-content\/uploads\/2024\/04\/WhatsApp-Image-2024-04-10-at-4.28.43-PM-2.jpeg\" alt=\"\" class=\"wp-image-6909\" width=\"515\" height=\"515\" srcset=\"https:\/\/ensviale-ers.infd.edu.ar\/sitio\/wp-content\/uploads\/2024\/04\/WhatsApp-Image-2024-04-10-at-4.28.43-PM-2.jpeg 720w, https:\/\/ensviale-ers.infd.edu.ar\/sitio\/wp-content\/uploads\/2024\/04\/WhatsApp-Image-2024-04-10-at-4.28.43-PM-2-500x500.jpeg 500w\" sizes=\"(max-width: 515px) 100vw, 515px\" \/><\/figure>\n\n\n\n<p><br>ALUMNOS DE 3ER A\u00d1O DE LA TECNICATURA SUPERIOR EN ENFERMER\u00cdA. ENSVV.<\/p>\n\n\n\n<div class=\"wp-block-file\"><a id=\"wp-block-file--media-3b6438d9-3296-419b-9a64-4bf2976ed01a\" href=\"https:\/\/ensviale-ers.infd.edu.ar\/sitio\/wp-content\/uploads\/2024\/04\/Analisis-2-de-abril.docx\">Analisis-2-de-abril<\/a><a href=\"https:\/\/ensviale-ers.infd.edu.ar\/sitio\/wp-content\/uploads\/2024\/04\/Analisis-2-de-abril.docx\" class=\"wp-block-file__button wp-element-button\" download aria-describedby=\"wp-block-file--media-3b6438d9-3296-419b-9a64-4bf2976ed01a\">Descarga<\/a><\/div>\n\n\n\n<p><\/p>\n","protected":false},"excerpt":{"rendered":"<p>Compartimos algunas reflexiones que realizar\u00f3n los estudiantes de nivel superior en el marco del 2 de abril D\u00eda del Veterano y Ca\u00eddos en la guerra de Malvinas. 2 DE ABRIL \u00abD\u00cdA DEL VETERANO Y DE LOS CA\u00cdDOS EN LA GUERRA DE MALVINAS\u00bbNO HAB\u00cdAMOS NACIDO A\u00daN CUANDO SUCEDI\u00d3 LA GUERRA DE MALVINAS, PERO HEMOS LE\u00cdDO MUCHO, &#8230; <a title=\"2 de Abril &#8211; \u00a0D\u00eda del Veterano y de los Ca\u00eddos en la guerra de Malvinas\" class=\"read-more\" href=\"https:\/\/ensviale-ers.infd.edu.ar\/sitio\/2-de-abril-dia-del-veterano-y-de-los-caidos-en-la-guerra-de-malvinas\/\" aria-label=\"More on 2 de Abril &#8211; \u00a0D\u00eda del Veterano y de los Ca\u00eddos en la guerra de Malvinas\">[+]<\/a><\/p>\n","protected":false},"author":334,"featured_media":0,"parent":0,"menu_order":0,"comment_status":"closed","ping_status":"closed","template":"","meta":[],"acf":[],"_links":{"self":[{"href":"https:\/\/ensviale-ers.infd.edu.ar\/sitio\/wp-json\/wp\/v2\/pages\/6907"}],"collection":[{"href":"https:\/\/ensviale-ers.infd.edu.ar\/sitio\/wp-json\/wp\/v2\/pages"}],"about":[{"href":"https:\/\/ensviale-ers.infd.edu.ar\/sitio\/wp-json\/wp\/v2\/types\/page"}],"author":[{"embeddable":true,"href":"https:\/\/ensviale-ers.infd.edu.ar\/sitio\/wp-json\/wp\/v2\/users\/334"}],"replies":[{"embeddable":true,"href":"https:\/\/ensviale-ers.infd.edu.ar\/sitio\/wp-json\/wp\/v2\/comments?post=6907"}],"version-history":[{"count":1,"href":"https:\/\/ensviale-ers.infd.edu.ar\/sitio\/wp-json\/wp\/v2\/pages\/6907\/revisions"}],"predecessor-version":[{"id":6921,"href":"https:\/\/ensviale-ers.infd.edu.ar\/sitio\/wp-json\/wp\/v2\/pages\/6907\/revisions\/6921"}],"wp:attachment":[{"href":"https:\/\/ensviale-ers.infd.edu.ar\/sitio\/wp-json\/wp\/v2\/media?parent=6907"}],"curies":[{"name":"wp","href":"https:\/\/api.w.org\/{rel}","templated":true}]}}