{"id":5867,"date":"2022-10-06T20:34:31","date_gmt":"2022-10-06T23:34:31","guid":{"rendered":"https:\/\/ensviale-ers.infd.edu.ar\/sitio\/?page_id=5867"},"modified":"2022-10-27T21:37:44","modified_gmt":"2022-10-28T00:37:44","slug":"fotos-de-la-semana-de-la-ciencia","status":"publish","type":"page","link":"https:\/\/ensviale-ers.infd.edu.ar\/sitio\/fotos-de-la-semana-de-la-ciencia\/","title":{"rendered":"Fotos de la Semana de la Ciencia"},"content":{"rendered":"\n<p>La Secretar\u00eda Acad\u00e9mica de la Escuela Normal Superior Victorino Viale, comparte fotos y videos de las actividades relizadas en el marco de la Semana de la Ciencia 2022, V Edici\u00f3n. <\/p>\n\n\n\n<figure class=\"wp-block-embed is-type-video is-provider-youtube wp-block-embed-youtube wp-embed-aspect-4-3 wp-has-aspect-ratio\"><div class=\"wp-block-embed__wrapper\">\n<iframe loading=\"lazy\" title=\"Actividades de la Semana de la Ciencia, V edici\u00f3n\" width=\"1200\" height=\"900\" src=\"https:\/\/www.youtube.com\/embed\/TwJlMjeoed4?feature=oembed\" frameborder=\"0\" allow=\"accelerometer; autoplay; clipboard-write; encrypted-media; gyroscope; picture-in-picture\" allowfullscreen><\/iframe>\n<\/div><\/figure>\n\n\n\n<p><a href=\"https:\/\/ensviale-ers.infd.edu.ar\/sitio\/fotos-del-acto-de-apertura-semana-de-la-ciencia-2022\/\">Acto de Apertura<\/a><\/p>\n\n\n\n<p><a href=\"https:\/\/ensviale-ers.infd.edu.ar\/sitio\/fotos-de-la-presentacion-revista-digital-biologia-y-mas-alla\/\">Revista digital \u00abBiolog\u00eda y m\u00e1s all\u00e1\u00bb<\/a><\/p>\n\n\n\n<p><a href=\"https:\/\/ensviale-ers.infd.edu.ar\/sitio\/sentidos-reflexiones-en-torno-a-la-ensenanza-de-la-geometria\/\">\u00abSentidos\u00bb &#8211; Reflexiones en torno a la ense\u00f1anza de la geometr\u00eda<\/a><\/p>\n\n\n\n<p><a href=\"https:\/\/youtube.com\/shorts\/M3wZ4Qk65OM?feature=share\">Intervenciones Educativas en Enfermer\u00eda<\/a><\/p>\n\n\n\n<p><a href=\"https:\/\/ensviale-ers.infd.edu.ar\/sitio\/taller-entre-panes-y-barriletes\/\">Taller \u00abEntre Panes y Barriletes\u00bb<\/a><\/p>\n\n\n\n<p><a href=\"https:\/\/ensviale-ers.infd.edu.ar\/sitio\/taller-de-rcp-y-primeros-auxilios-2\/\">Taller de RCP y Primeros Auxilios<\/a><\/p>\n\n\n\n<p><a href=\"https:\/\/ensviale-ers.infd.edu.ar\/sitio\/wp-admin\/post.php?post=5967&amp;action=edit#:~:text=https%3A\/\/ensviale%2Ders.infd.edu.ar\/sitio\/charla%2Dtrastornos%2Den%2Del%2Ddesarrollo\/\">Trastornos en el desarrollo<\/a><\/p>\n\n\n\n<p><a href=\"https:\/\/ensviale-ers.infd.edu.ar\/sitio\/taller-de-esi-escuela-n14\/\">Taller de ESI \u00abNos sobran motivos\u00bb &#8211;  Escuela N\u00b014<\/a><\/p>\n\n\n\n<p><a href=\"https:\/\/ensviale-ers.infd.edu.ar\/sitio\/taller-de-esi-nos-sobran-motivos-escuela-n5\/\">Taller de ESI \u00abNos sobran motivos\u00bb &#8211; Escuela N\u00b0 5<\/a><\/p>\n\n\n\n<p><a href=\"https:\/\/ensviale-ers.infd.edu.ar\/sitio\/taller-memo-ambiente\/\">Juego Memo-Ambiente<\/a><\/p>\n\n\n\n<p><a href=\"https:\/\/ensviale-ers.infd.edu.ar\/sitio\/juegos-didacticos-de-biolgia-en-ingles\/\">Juegos did\u00e1cticos de Biolog\u00eda en Ingl\u00e9s<\/a><\/p>\n\n\n\n<p><a href=\"https:\/\/ensviale-ers.infd.edu.ar\/sitio\/jornada-de-promocion-de-la-salud-2\/\">Jornada de Promoci\u00f3n de la Salud &#8211; Plaza Bienvenidos<\/a><\/p>\n\n\n\n<p><a href=\"https:\/\/ensviale-ers.infd.edu.ar\/sitio\/cultura-escolar\/\">Cultura Escolar<\/a><\/p>\n\n\n\n<p><a href=\"https:\/\/ensviale-ers.infd.edu.ar\/sitio\/cuidados-en-el-parto\/\">Cuidados en el parto<\/a><\/p>\n\n\n\n<p><a href=\"https:\/\/ensviale-ers.infd.edu.ar\/sitio\/noche-de-los-museos-2\/\">Noche de los Museos<\/a><\/p>\n\n\n\n<p><a href=\"https:\/\/ensviale-ers.infd.edu.ar\/sitio\/taller-de-matematica-creativa\/\">Taller de Matem\u00e1tica Creativa<\/a><\/p>\n\n\n\n<p><a href=\"https:\/\/ensviale-ers.infd.edu.ar\/sitio\/obra-de-teatro-el-fin-del-miedo\/\">Obra de Teatro \u00abEl fin del miedo\u00bb<\/a><\/p>\n\n\n\n<p><a href=\"https:\/\/ensviale-ers.infd.edu.ar\/sitio\/des-armando-ideas-promoviendo-vinculos-asertivos\/\">Des-armando ideas<\/a><\/p>\n\n\n\n<p><a href=\"https:\/\/ensviale-ers.infd.edu.ar\/sitio\/taller-de-its\/\">Taller de ITS<\/a><\/p>\n\n\n\n<figure class=\"wp-block-embed is-type-video is-provider-youtube wp-block-embed-youtube wp-embed-aspect-4-3 wp-has-aspect-ratio\"><div class=\"wp-block-embed__wrapper\">\n<iframe loading=\"lazy\" title=\"Semana de la Ciencia V Edici\u00f3n - Actividades del 27 de Septiembre\" width=\"1200\" height=\"900\" src=\"https:\/\/www.youtube.com\/embed\/lByP2X92gBk?feature=oembed\" frameborder=\"0\" allow=\"accelerometer; autoplay; clipboard-write; encrypted-media; gyroscope; picture-in-picture\" allowfullscreen><\/iframe>\n<\/div><\/figure>\n\n\n\n<figure class=\"wp-block-embed is-type-video is-provider-youtube wp-block-embed-youtube wp-embed-aspect-16-9 wp-has-aspect-ratio\"><div class=\"wp-block-embed__wrapper\">\n<iframe loading=\"lazy\" title=\"Semana de la Ciencia V Edici\u00f3n - Actividades del 23 de Septiembre\" width=\"1200\" height=\"675\" src=\"https:\/\/www.youtube.com\/embed\/Mhho0XL6ZGw?feature=oembed\" frameborder=\"0\" allow=\"accelerometer; autoplay; clipboard-write; encrypted-media; gyroscope; picture-in-picture\" allowfullscreen><\/iframe>\n<\/div><\/figure>\n","protected":false},"excerpt":{"rendered":"<p>La Secretar\u00eda Acad\u00e9mica de la Escuela Normal Superior Victorino Viale, comparte fotos y videos de las actividades relizadas en el marco de la Semana de la Ciencia 2022, V Edici\u00f3n. Acto de Apertura Revista digital \u00abBiolog\u00eda y m\u00e1s all\u00e1\u00bb \u00abSentidos\u00bb &#8211; Reflexiones en torno a la ense\u00f1anza de la geometr\u00eda Intervenciones Educativas en Enfermer\u00eda Taller &#8230; <a title=\"Fotos de la Semana de la Ciencia\" class=\"read-more\" href=\"https:\/\/ensviale-ers.infd.edu.ar\/sitio\/fotos-de-la-semana-de-la-ciencia\/\" aria-label=\"More on Fotos de la Semana de la Ciencia\">[+]<\/a><\/p>\n","protected":false},"author":334,"featured_media":0,"parent":0,"menu_order":0,"comment_status":"closed","ping_status":"closed","template":"","meta":[],"acf":[],"_links":{"self":[{"href":"https:\/\/ensviale-ers.infd.edu.ar\/sitio\/wp-json\/wp\/v2\/pages\/5867"}],"collection":[{"href":"https:\/\/ensviale-ers.infd.edu.ar\/sitio\/wp-json\/wp\/v2\/pages"}],"about":[{"href":"https:\/\/ensviale-ers.infd.edu.ar\/sitio\/wp-json\/wp\/v2\/types\/page"}],"author":[{"embeddable":true,"href":"https:\/\/ensviale-ers.infd.edu.ar\/sitio\/wp-json\/wp\/v2\/users\/334"}],"replies":[{"embeddable":true,"href":"https:\/\/ensviale-ers.infd.edu.ar\/sitio\/wp-json\/wp\/v2\/comments?post=5867"}],"version-history":[{"count":16,"href":"https:\/\/ensviale-ers.infd.edu.ar\/sitio\/wp-json\/wp\/v2\/pages\/5867\/revisions"}],"predecessor-version":[{"id":6306,"href":"https:\/\/ensviale-ers.infd.edu.ar\/sitio\/wp-json\/wp\/v2\/pages\/5867\/revisions\/6306"}],"wp:attachment":[{"href":"https:\/\/ensviale-ers.infd.edu.ar\/sitio\/wp-json\/wp\/v2\/media?parent=5867"}],"curies":[{"name":"wp","href":"https:\/\/api.w.org\/{rel}","templated":true}]}}