{"id":4476,"date":"2021-06-28T15:52:40","date_gmt":"2021-06-28T18:52:40","guid":{"rendered":"https:\/\/ensviale-ers.infd.edu.ar\/sitio\/?page_id=4476"},"modified":"2021-10-28T15:10:38","modified_gmt":"2021-10-28T18:10:38","slug":"autoridades","status":"publish","type":"page","link":"https:\/\/ensviale-ers.infd.edu.ar\/sitio\/autoridades\/","title":{"rendered":"Autoridades"},"content":{"rendered":"<h1 style=\"text-align: center;\"><strong><span style=\"color: #3366ff;\">A\u00f1o 2021<\/span><\/strong><\/h1>\n<hr \/>\n<h2><span style=\"color: #0000ff;\"><strong><u>EQUIPO DIRECTIVO Y DE CONDUCCI\u00d3N<\/u><\/strong><\/span><\/h2>\n<hr \/>\n<h3><span style=\"color: #0000ff;\"><strong><u>RECTOR<\/u><\/strong><\/span><\/h3>\n<ul>\n<li>Lic. HEREDIA ARIEL VICTOR H<\/li>\n<\/ul>\n<hr \/>\n<h3><span style=\"color: #0000ff;\"><strong><u>VICERRECTORA<\/u><\/strong><\/span><\/h3>\n<ul>\n<li>PROF.\u00a0 Cogno Mirta<\/li>\n<\/ul>\n<hr \/>\n<h3><span style=\"color: #0000ff;\"><strong><u>SECRETARIA<\/u><\/strong><\/span><\/h3>\n<ul>\n<li>PROF.\u00a0 SAAVEDRA LUCIANA\u00a0 MARIA<\/li>\n<\/ul>\n<hr \/>\n<h3><span style=\"color: #0000ff;\"><strong><u>ASESOR PEDAG\u00d3GICO<\/u><\/strong><\/span><\/h3>\n<p>PROF. RODR\u00cdGUEZ IGNACIO<\/p>\n<hr \/>\n<h4><span style=\"color: #0000ff;\"><strong><u>ADMINISTRATIVOS<\/u><\/strong><\/span><\/h4>\n<ul>\n<li>ACOSTA, FRANCISCO JAVIER (REFERENTE T\u00c9CNICO)<\/li>\n<li>GIMENEZ ARIEL LUCIANO<\/li>\n<li>HALLER JORGE AMERICO<\/li>\n<\/ul>\n<hr \/>\n<h5><strong><span style=\"color: #0000ff;\"><u>ORDENANZAS<\/u><\/span><\/strong><\/h5>\n<ul>\n<li>RODRIGUEZ SANDRA VANINA<\/li>\n<li>SCHWINDT LIDIA SOLEDAD<\/li>\n<\/ul>\n<hr \/>\n<h5><span style=\"color: #0000ff;\"><strong><u>PRECEPTORES<\/u><\/strong><\/span><\/h5>\n<ul>\n<li>ARANOVICH, ISRAEL ALEXIS<\/li>\n<li>BRONDI, ILEANA GISELA R<\/li>\n<li>BUXMAN, MARIA JIMENA<\/li>\n<li>EHRLICH, LAUREANO NICOLAS<\/li>\n<li>GINI, EMIR GERARDO<\/li>\n<li>HABRINGER, CECILIA BELEN<\/li>\n<li>VIGNOLA, GRETEL ANDREA<\/li>\n<\/ul>\n<h5><span style=\"color: #0000ff;\"><strong><u>ORIENTACI\u00d3N Y TUTOR\u00cdA<\/u><\/strong><\/span><\/h5>\n<ul>\n<li>GIECO, VALENTINA<\/li>\n<li>YLARRAGORRY, ELIANA<\/li>\n<li>G\u00dcNTHER, YANINA VANESA<\/li>\n<\/ul>\n<h5><span style=\"color: #0000ff;\"><strong><u>PROFESORES<\/u><\/strong><\/span><\/h5>\n<ul>\n<li>AINARDI, ANA MARIA<\/li>\n<li>ALZUGARAY, JACQUELINE DAIANA<\/li>\n<li>AUBERT, GABRIEL EDITH<\/li>\n<li>BARRETO, SABRINA<\/li>\n<li>BEBER, VERONICA MARIELA<\/li>\n<li>BORGETTO, ANABELLA MARIA B<\/li>\n<li>BOVIER, NOELIA GISELA<\/li>\n<li>BRONDI, IVANA MARCELA<\/li>\n<li>CEJAS, NOELIA DEL CARMEN<\/li>\n<li>CEPEDA, SILVIA FATIMA MODESTA<\/li>\n<li>COLLIARD, CAROLINA FERNANDA<\/li>\n<li>COMAS, DANIELA EVANGELINA<\/li>\n<li>CONTRERA, ROMINA DEL R<\/li>\n<li>CORREA, JUAN JOSE<\/li>\n<li>CUEVAS, TERESITA MARISOL<\/li>\n<li>DEL VALLE, MARIA CELESTE<\/li>\n<li>FISSORE, MONICA BEATRIZ<\/li>\n<li>FUKCS, VALERIA<\/li>\n<li>GASTALDI, CAMILA SOLEDAD<\/li>\n<li>GODFRIED, MARIA DE LOS ANGELES<\/li>\n<li>GOETTE, ANDREA LEONOR<\/li>\n<li>GOMEZ, MERCEDES ALICIA<\/li>\n<li>HEFFELE, MARIELA ALEJANDRA<\/li>\n<li>HEFT, MARIA LORENA<\/li>\n<li>HERNANDEZ, DAIANA JUDITH<\/li>\n<li>JACOB, MARIA SOLEDAD<\/li>\n<li>KAPP, LUCRECIA<\/li>\n<li>LENARDON, SOLANGE<\/li>\n<li>LESCANO, CRISTIAN JES\u00daS<\/li>\n<li>MANUCCI, CARLA MARIA BELEN<\/li>\n<li>MARTINEZ, PAOLA VIRGINIA<\/li>\n<li>MASINE, MARIA SOL<\/li>\n<li>MIRAGLIO, SUSANA GISELE<\/li>\n<li>MOREYRA, MARIA T<\/li>\n<li>NICKEL, LORENA PAOLA<\/li>\n<li>OCAMPO, MARIA CLARA<\/li>\n<li>PAREDES, ELVA<\/li>\n<li>PEREZ, MIRTHA EUGENIA<\/li>\n<li>RAMIREZ, DANIELA ESTER<\/li>\n<li>RODRIGO, JOSE CARLOS<\/li>\n<li>RODRIGUEZ, IGNACIO<\/li>\n<li>SAAVEDRA, LUCIANA MARIA<\/li>\n<li>SACKS, LEANDRO MIGUEL<\/li>\n<li>TAUBER, FLAVIA MAGALI<\/li>\n<li>TOMATIS, MARIA DEL ROSARIO<\/li>\n<li>UNRREIN, MONICA ESTER<\/li>\n<li>URQUIZA, CESAR RAMON<\/li>\n<li>VALENTINI, ANA MABEL<\/li>\n<li>VILA, MARCELA BEATRIZ<\/li>\n<li>WEIBERT, ANTONELLA JULIANA<\/li>\n<li>WEISS, GRISELDA ANALIA<\/li>\n<\/ul>\n","protected":false},"excerpt":{"rendered":"<p>A\u00f1o 2021 EQUIPO DIRECTIVO Y DE CONDUCCI\u00d3N RECTOR Lic. HEREDIA ARIEL VICTOR H VICERRECTORA PROF.\u00a0 Cogno Mirta SECRETARIA PROF.\u00a0 SAAVEDRA LUCIANA\u00a0 MARIA ASESOR PEDAG\u00d3GICO PROF. RODR\u00cdGUEZ IGNACIO ADMINISTRATIVOS ACOSTA, FRANCISCO JAVIER (REFERENTE T\u00c9CNICO) GIMENEZ ARIEL LUCIANO HALLER JORGE AMERICO ORDENANZAS RODRIGUEZ SANDRA VANINA SCHWINDT LIDIA SOLEDAD PRECEPTORES ARANOVICH, ISRAEL ALEXIS BRONDI, ILEANA GISELA R BUXMAN, &#8230; <a title=\"Autoridades\" class=\"read-more\" href=\"https:\/\/ensviale-ers.infd.edu.ar\/sitio\/autoridades\/\" aria-label=\"More on Autoridades\">[+]<\/a><\/p>\n","protected":false},"author":358,"featured_media":0,"parent":0,"menu_order":0,"comment_status":"closed","ping_status":"closed","template":"","meta":[],"acf":[],"_links":{"self":[{"href":"https:\/\/ensviale-ers.infd.edu.ar\/sitio\/wp-json\/wp\/v2\/pages\/4476"}],"collection":[{"href":"https:\/\/ensviale-ers.infd.edu.ar\/sitio\/wp-json\/wp\/v2\/pages"}],"about":[{"href":"https:\/\/ensviale-ers.infd.edu.ar\/sitio\/wp-json\/wp\/v2\/types\/page"}],"author":[{"embeddable":true,"href":"https:\/\/ensviale-ers.infd.edu.ar\/sitio\/wp-json\/wp\/v2\/users\/358"}],"replies":[{"embeddable":true,"href":"https:\/\/ensviale-ers.infd.edu.ar\/sitio\/wp-json\/wp\/v2\/comments?post=4476"}],"version-history":[{"count":5,"href":"https:\/\/ensviale-ers.infd.edu.ar\/sitio\/wp-json\/wp\/v2\/pages\/4476\/revisions"}],"predecessor-version":[{"id":5261,"href":"https:\/\/ensviale-ers.infd.edu.ar\/sitio\/wp-json\/wp\/v2\/pages\/4476\/revisions\/5261"}],"wp:attachment":[{"href":"https:\/\/ensviale-ers.infd.edu.ar\/sitio\/wp-json\/wp\/v2\/media?parent=4476"}],"curies":[{"name":"wp","href":"https:\/\/api.w.org\/{rel}","templated":true}]}}