{"id":1360,"date":"2019-04-17T21:45:24","date_gmt":"2019-04-18T00:45:24","guid":{"rendered":"https:\/\/ensviale-ers.infd.edu.ar\/sitio\/?page_id=1360"},"modified":"2019-05-15T19:23:06","modified_gmt":"2019-05-15T22:23:06","slug":"curso-bulimia-y-anorexia","status":"publish","type":"page","link":"https:\/\/ensviale-ers.infd.edu.ar\/sitio\/curso-bulimia-y-anorexia\/","title":{"rendered":"Dia Mundial de la Hipertensi\u00f3n Arterial"},"content":{"rendered":"<p><div id=\"metaslider-id-403\" style=\"max-width: 1100px;\" class=\"ml-slider-3-33-0 metaslider metaslider-coin metaslider-403 ml-slider ms-theme-default\" role=\"region\" aria-roledescription=\"Slideshow\" aria-label=\"Slideshow\">\n    <div id=\"metaslider_container_403\">\n        <div id='metaslider_403' class='coin-slider'>\n<a href=\"https:\/\/mapa.infd.edu.ar\/\" target=\"_blank\"><img src=\"https:\/\/ensviale-ers.infd.edu.ar\/sitio\/wp-content\/uploads\/2018\/06\/mapa_infd6-1100x200.png\" height=\"200\" width=\"1100\" alt=\"\" class=\"slider-403 slide-607\" title=\"mapa_infd6\" style=\"display: none;\" \/><\/a>\n<a href=\"https:\/\/www.argentina.gob.ar\/educacion\/becas\" target=\"_blank\"><img src=\"https:\/\/ensviale-ers.infd.edu.ar\/sitio\/wp-content\/uploads\/2018\/06\/becas7-1100x200.png\" height=\"200\" width=\"1100\" alt=\"\" class=\"slider-403 slide-609\" title=\"becas7\" style=\"display: none;\" \/><\/a>\n<a href=\"https:\/\/www.argentina.gob.ar\/tema\/estudiar\/formacion-docencia\" target=\"_blank\"><img src=\"https:\/\/ensviale-ers.infd.edu.ar\/sitio\/wp-content\/uploads\/2018\/06\/convocatorias_slide6-1-1100x200.png\" height=\"200\" width=\"1100\" alt=\"\" class=\"slider-403 slide-635\" title=\"convocatorias_slide6-1\" style=\"display: none;\" \/><\/a>\n        <\/div>\n        \n    <\/div>\n<\/div><img decoding=\"async\" loading=\"lazy\" class=\"alignnone size-full wp-image-1381\" src=\"https:\/\/ensviale-ers.infd.edu.ar\/sitio\/wp-content\/uploads\/2019\/05\/curso_hipertension-1.jpg\" alt=\"\" width=\"750\" height=\"430\" \/><\/p>\n<p>17 de mayo, D\u00eda Mundial de la Hipertensi\u00f3n arterial.<br \/>\nCon motivo de la celebraci\u00f3n del d\u00eda Mundial de la Hipertensi\u00f3n Arterial, La Tecnicatura Superior en Enfermer\u00eda de la Escuela Normal Superior \u201cVictorino Viale\u201d junto a la Municipalidad, realizaran una jornada de prevenci\u00f3n el d\u00eda 17 de mayo en la plaza San Mart\u00edn de 10 a 13 hs y en el m\u00e1stil de la Ciudad de 15 a 18 hs<br \/>\nLos esperamos!!!<\/p>\n","protected":false},"excerpt":{"rendered":"<p>17 de mayo, D\u00eda Mundial de la Hipertensi\u00f3n arterial. Con motivo de la celebraci\u00f3n del d\u00eda Mundial de la Hipertensi\u00f3n Arterial, La Tecnicatura Superior en Enfermer\u00eda de la Escuela Normal Superior \u201cVictorino Viale\u201d junto a la Municipalidad, realizaran una jornada de prevenci\u00f3n el d\u00eda 17 de mayo en la plaza San Mart\u00edn de 10 a &#8230; <a title=\"Dia Mundial de la Hipertensi\u00f3n Arterial\" class=\"read-more\" href=\"https:\/\/ensviale-ers.infd.edu.ar\/sitio\/curso-bulimia-y-anorexia\/\" aria-label=\"More on Dia Mundial de la Hipertensi\u00f3n Arterial\">[+]<\/a><\/p>\n","protected":false},"author":84,"featured_media":0,"parent":0,"menu_order":0,"comment_status":"closed","ping_status":"closed","template":"","meta":[],"acf":[],"_links":{"self":[{"href":"https:\/\/ensviale-ers.infd.edu.ar\/sitio\/wp-json\/wp\/v2\/pages\/1360"}],"collection":[{"href":"https:\/\/ensviale-ers.infd.edu.ar\/sitio\/wp-json\/wp\/v2\/pages"}],"about":[{"href":"https:\/\/ensviale-ers.infd.edu.ar\/sitio\/wp-json\/wp\/v2\/types\/page"}],"author":[{"embeddable":true,"href":"https:\/\/ensviale-ers.infd.edu.ar\/sitio\/wp-json\/wp\/v2\/users\/84"}],"replies":[{"embeddable":true,"href":"https:\/\/ensviale-ers.infd.edu.ar\/sitio\/wp-json\/wp\/v2\/comments?post=1360"}],"version-history":[{"count":4,"href":"https:\/\/ensviale-ers.infd.edu.ar\/sitio\/wp-json\/wp\/v2\/pages\/1360\/revisions"}],"predecessor-version":[{"id":1383,"href":"https:\/\/ensviale-ers.infd.edu.ar\/sitio\/wp-json\/wp\/v2\/pages\/1360\/revisions\/1383"}],"wp:attachment":[{"href":"https:\/\/ensviale-ers.infd.edu.ar\/sitio\/wp-json\/wp\/v2\/media?parent=1360"}],"curies":[{"name":"wp","href":"https:\/\/api.w.org\/{rel}","templated":true}]}}